{"id":2902,"date":"2025-01-15T12:22:39","date_gmt":"2025-01-15T12:22:39","guid":{"rendered":"https:\/\/tryggtillsynisverige.se\/?post_type=product&#038;p=2902"},"modified":"2025-03-24T08:56:11","modified_gmt":"2025-03-24T07:56:11","slug":"baofeng-ar-152-dual-band-10w-jakt-militar-och-komradio-komplett-kit","status":"publish","type":"product","link":"https:\/\/tryggtillsynisverige.se\/en\/product\/baofeng-ar-152-dual-band-10w-jakt-militar-och-komradio-komplett-kit\/","title":{"rendered":"BAOFENG AR-152 Dual Band 10W &#8211; Jakt, Milit\u00e4r och Komradio komplett kit"},"content":{"rendered":"<p>BAOFENG AR-152 10 W Komradio Prepper<\/p>\n<p>Radion inneh\u00e5ller avancerade funktioner som r\u00f6stkomprimering, dubbel segment dubbelmottagning, duplex rel\u00e4station, dubbel DTMF-kompilering, dubbelmenyoperation, volymjustering i tv\u00e5 l\u00e4gen (mekanisk och elektronisk), kondensatormikrofon och dynamisk mikrofon samt inbyggd CTCSS\/DCS.<\/p>\n<p>Den \u00e4r f\u00f6rsedd med in- och urkopplingsbara pilottoner (CTCSS) och kan anv\u00e4ndas som amat\u00f6rradio f\u00f6r bl.a. 2m- och 70cm-banden. Uppladdningsbara Li-ion batteripaket. Utrustad med 4 st Original 18650-batterier (12000mAh) och batteriladdare, vilket ger 7-30 dagars kommunikation. Kan anv\u00e4ndas med billaddare, USB-laddare och v\u00e4ggladdare<\/p>\n<p>Denna komradio passar de som vill ha en mer kvalitativ radio, allt fr\u00e5n seri\u00f6sa preppers, amat\u00f6rradiointresserade och de med jaktlicens.<\/p>\n<p><strong>Fullt Kit:<\/strong><\/p>\n<ul>\n<li>1 X AR-152 Walkie talkie 10 watt radio<\/li>\n<li>1 X Dual band antenn<\/li>\n<li>1 X Extra l\u00e5ng dual band antenn<\/li>\n<li>1 X Mikrofon<\/li>\n<li>1 X Programmeringskabel<\/li>\n<li>1 X AC-laddare (rund eller platt kontakt)<\/li>\n<li>1 X Billaddningskabel<\/li>\n<li>1 X USB-laddningskabel<\/li>\n<li>1 X B\u00e4rv\u00e4ska f\u00f6r radio<\/li>\n<li>1 X Tjockt batteri (Li-ion 7.4V 12000mAh)<\/li>\n<li>1 X Dual band headset<\/li>\n<li>1 X Handrem<\/li>\n<li>1 X B\u00e4lteskl\u00e4mma och skruv<\/li>\n<li>1 X Anv\u00e4ndarmanual<\/li>\n<li>1 X Svart f\u00f6rvaringsl\u00e5da<\/li>\n<\/ul>\n<p><strong>Industrispecifika attribut:<\/strong><\/p>\n<ul>\n<li>R\u00e4ckvidd: 5-10 km<\/li>\n<li>Terminalstil: Handh\u00e5llen<\/li>\n<li>Lagringskanaler: 128<\/li>\n<\/ul>\n<p><strong>\u00d6vriga attribut:<\/strong><\/p>\n<ul>\n<li>Typ av Walkie Talkie: GMRS<\/li>\n<li>Ursprungsort: Fujian, Kina<\/li>\n<li>Varum\u00e4rke: Baofeng<\/li>\n<li>Modellnummer: Baofeng AR-152<\/li>\n<li>Dimensioner: 222 mm x 66 mm x 10 mm<\/li>\n<li>Frekvensomr\u00e5de: 136-174MHz, 400-520MHz<\/li>\n<li>F\u00e4rg: Gr\u00f6n<\/li>\n<li>Produktnamn: Baofeng AR-152<\/li>\n<li>Vikt: 550 g<\/li>\n<li>R\u00e4ckvidd: 10 km<\/li>\n<li>Batterikapacitet: 12000mAh<\/li>\n<li>Garanti: 12 m\u00e5nader<\/li>\n<li>Uteffekt: 15W\/10W\/5W (valbart)<\/li>\n<li>Driftsp\u00e4nning: 7,4V<\/li>\n<li>Radiotyp: Vattent\u00e4t walkie talkie<\/li>\n<li>OEM: Tillg\u00e4nglig<\/li>\n<li>Certifiering: FCC<\/li>\n<\/ul>","protected":false},"excerpt":{"rendered":"<p>BAOFENG AR-152 10 W Komradio Prepper<\/p>\n<p><strong>Den popul\u00e4ra prepper komradion, <\/strong>Baofeng AR-152, \u00e4r en h\u00f6gkvalitativ dual band VHF\/UHF FM-radio som levereras f\u00f6rprogrammerad med licensfria kanaler, \u00e4ven jaktradiokanaler (155 MHz), SRBR (444 MHz) och PMR446 (446 MHz), denna st\u00f6djer upp till 128 kanaler.<strong>\u00a0Denna \u00e4r robust och vattent\u00e5lig med en IP54 klassning.<\/strong><\/p>","protected":false},"featured_media":2908,"comment_status":"open","ping_status":"closed","template":"","meta":[],"product_brand":[],"product_cat":[36],"product_tag":[],"class_list":{"0":"post-2902","1":"product","2":"type-product","3":"status-publish","4":"has-post-thumbnail","6":"product_cat-komradio","8":"first","9":"instock","10":"taxable","11":"shipping-taxable","12":"purchasable","13":"product-type-simple"},"yoast_head":"<!-- This site is optimized with the Yoast SEO plugin v27.5 - https:\/\/yoast.com\/product\/yoast-seo-wordpress\/ -->\n<title>BAOFENG AR-152 10 W Komradio Prepper - Trygg Tillsyn i Sverige | Trygg arbetsmilj\u00f6 vid asbestsanering<\/title>\n<meta name=\"description\" content=\"BAOFENG AR-152 10 W Komradio, f\u00f6r Preppern, amat\u00f6rradio, jakt och milit\u00e4r. Med Frekvensomr\u00e5de: 136-174MHz, 400-520MHz med 128 kanaler\" \/>\n<meta name=\"robots\" content=\"index, follow, max-snippet:-1, max-image-preview:large, max-video-preview:-1\" \/>\n<link rel=\"canonical\" href=\"https:\/\/tryggtillsynisverige.se\/en\/product\/baofeng-ar-152-dual-band-10w-jakt-militar-och-komradio-komplett-kit\/\" \/>\n<meta property=\"og:locale\" content=\"en_GB\" \/>\n<meta property=\"og:type\" content=\"article\" \/>\n<meta property=\"og:title\" content=\"BAOFENG AR-152 10 W Komradio Prepper - Trygg Tillsyn i Sverige | Trygg arbetsmilj\u00f6 vid asbestsanering\" \/>\n<meta property=\"og:description\" content=\"BAOFENG AR-152 10 W Komradio, f\u00f6r Preppern, amat\u00f6rradio, jakt och milit\u00e4r. Med Frekvensomr\u00e5de: 136-174MHz, 400-520MHz med 128 kanaler\" \/>\n<meta property=\"og:url\" content=\"https:\/\/tryggtillsynisverige.se\/en\/product\/baofeng-ar-152-dual-band-10w-jakt-militar-och-komradio-komplett-kit\/\" \/>\n<meta property=\"og:site_name\" content=\"Trygg Tillsyn i Sverige | Trygg arbetsmilj\u00f6 vid asbestsanering\" \/>\n<meta property=\"article:modified_time\" content=\"2025-03-24T07:56:11+00:00\" \/>\n<meta property=\"og:image\" content=\"https:\/\/tryggtillsynisverige.se\/wp-content\/uploads\/2025\/01\/SAM_9611-Edit.jpg\" \/>\n\t<meta property=\"og:image:width\" content=\"1200\" \/>\n\t<meta property=\"og:image:height\" content=\"1800\" \/>\n\t<meta property=\"og:image:type\" content=\"image\/jpeg\" \/>\n<meta name=\"twitter:card\" content=\"summary_large_image\" \/>\n<meta name=\"twitter:label1\" content=\"Estimated reading time\" \/>\n\t<meta name=\"twitter:data1\" content=\"3 minutes\" \/>\n<script type=\"application\/ld+json\" class=\"yoast-schema-graph\">{\"@context\":\"https:\\\/\\\/schema.org\",\"@graph\":[{\"@type\":\"WebPage\",\"@id\":\"https:\\\/\\\/tryggtillsynisverige.se\\\/product\\\/baofeng-ar-152-dual-band-10w-jakt-militar-och-komradio-komplett-kit\\\/\",\"url\":\"https:\\\/\\\/tryggtillsynisverige.se\\\/product\\\/baofeng-ar-152-dual-band-10w-jakt-militar-och-komradio-komplett-kit\\\/\",\"name\":\"BAOFENG AR-152 10 W Komradio Prepper - Trygg Tillsyn i Sverige | Trygg arbetsmilj\u00f6 vid asbestsanering\",\"isPartOf\":{\"@id\":\"https:\\\/\\\/tryggtillsynisverige.se\\\/#website\"},\"primaryImageOfPage\":{\"@id\":\"https:\\\/\\\/tryggtillsynisverige.se\\\/product\\\/baofeng-ar-152-dual-band-10w-jakt-militar-och-komradio-komplett-kit\\\/#primaryimage\"},\"image\":{\"@id\":\"https:\\\/\\\/tryggtillsynisverige.se\\\/product\\\/baofeng-ar-152-dual-band-10w-jakt-militar-och-komradio-komplett-kit\\\/#primaryimage\"},\"thumbnailUrl\":\"https:\\\/\\\/tryggtillsynisverige.se\\\/wp-content\\\/uploads\\\/2025\\\/01\\\/SAM_9611-Edit.jpg\",\"datePublished\":\"2025-01-15T12:22:39+00:00\",\"dateModified\":\"2025-03-24T07:56:11+00:00\",\"description\":\"BAOFENG AR-152 10 W Komradio, f\u00f6r Preppern, amat\u00f6rradio, jakt och milit\u00e4r. Med Frekvensomr\u00e5de: 136-174MHz, 400-520MHz med 128 kanaler\",\"breadcrumb\":{\"@id\":\"https:\\\/\\\/tryggtillsynisverige.se\\\/product\\\/baofeng-ar-152-dual-band-10w-jakt-militar-och-komradio-komplett-kit\\\/#breadcrumb\"},\"inLanguage\":\"en-GB\",\"potentialAction\":[{\"@type\":\"ReadAction\",\"target\":[\"https:\\\/\\\/tryggtillsynisverige.se\\\/product\\\/baofeng-ar-152-dual-band-10w-jakt-militar-och-komradio-komplett-kit\\\/\"]}]},{\"@type\":\"ImageObject\",\"inLanguage\":\"en-GB\",\"@id\":\"https:\\\/\\\/tryggtillsynisverige.se\\\/product\\\/baofeng-ar-152-dual-band-10w-jakt-militar-och-komradio-komplett-kit\\\/#primaryimage\",\"url\":\"https:\\\/\\\/tryggtillsynisverige.se\\\/wp-content\\\/uploads\\\/2025\\\/01\\\/SAM_9611-Edit.jpg\",\"contentUrl\":\"https:\\\/\\\/tryggtillsynisverige.se\\\/wp-content\\\/uploads\\\/2025\\\/01\\\/SAM_9611-Edit.jpg\",\"width\":1200,\"height\":1800,\"caption\":\"Baofeng AR-152 \u00e4r en avancerad radio med l\u00e5ng r\u00e4ckvidd och dubbelband VHF\\\/UHF. Utrustad med jaktradiokanaler och robust design, vilket g\u00f6r den idealisk f\u00f6r preppers och vid n\u00f6dsituationer som krig eller katastrofer.\"},{\"@type\":\"BreadcrumbList\",\"@id\":\"https:\\\/\\\/tryggtillsynisverige.se\\\/product\\\/baofeng-ar-152-dual-band-10w-jakt-militar-och-komradio-komplett-kit\\\/#breadcrumb\",\"itemListElement\":[{\"@type\":\"ListItem\",\"position\":1,\"name\":\"Home\",\"item\":\"https:\\\/\\\/tryggtillsynisverige.se\\\/\"},{\"@type\":\"ListItem\",\"position\":2,\"name\":\"Butik\",\"item\":\"https:\\\/\\\/tryggtillsynisverige.se\\\/en\\\/butik\\\/\"},{\"@type\":\"ListItem\",\"position\":3,\"name\":\"BAOFENG AR-152 Dual Band 10W &#8211; Jakt, Milit\u00e4r och Komradio komplett kit\"}]},{\"@type\":\"WebSite\",\"@id\":\"https:\\\/\\\/tryggtillsynisverige.se\\\/#website\",\"url\":\"https:\\\/\\\/tryggtillsynisverige.se\\\/\",\"name\":\"Trygg Tillsyn i Sverige | Trygg arbetsmilj\u00f6 vid asbestsanering\",\"description\":\"Experter p\u00e5 asbestsanering \u2013 F\u00f6r en s\u00e4ker arbetsmilj\u00f6\",\"publisher\":{\"@id\":\"https:\\\/\\\/tryggtillsynisverige.se\\\/#organization\"},\"potentialAction\":[{\"@type\":\"SearchAction\",\"target\":{\"@type\":\"EntryPoint\",\"urlTemplate\":\"https:\\\/\\\/tryggtillsynisverige.se\\\/?s={search_term_string}\"},\"query-input\":{\"@type\":\"PropertyValueSpecification\",\"valueRequired\":true,\"valueName\":\"search_term_string\"}}],\"inLanguage\":\"en-GB\"},{\"@type\":\"Organization\",\"@id\":\"https:\\\/\\\/tryggtillsynisverige.se\\\/#organization\",\"name\":\"Trygg Tillsyn i Sverige | Trygg arbetsmilj\u00f6 vid asbestsanering\",\"url\":\"https:\\\/\\\/tryggtillsynisverige.se\\\/\",\"logo\":{\"@type\":\"ImageObject\",\"inLanguage\":\"en-GB\",\"@id\":\"https:\\\/\\\/tryggtillsynisverige.se\\\/#\\\/schema\\\/logo\\\/image\\\/\",\"url\":\"https:\\\/\\\/tryggtillsynisverige.se\\\/wp-content\\\/uploads\\\/2024\\\/05\\\/Logga-Trygg-Tillsyn-Svart.gif\",\"contentUrl\":\"https:\\\/\\\/tryggtillsynisverige.se\\\/wp-content\\\/uploads\\\/2024\\\/05\\\/Logga-Trygg-Tillsyn-Svart.gif\",\"width\":501,\"height\":72,\"caption\":\"Trygg Tillsyn i Sverige | Trygg arbetsmilj\u00f6 vid asbestsanering\"},\"image\":{\"@id\":\"https:\\\/\\\/tryggtillsynisverige.se\\\/#\\\/schema\\\/logo\\\/image\\\/\"}}]}<\/script>\n<!-- \/ Yoast SEO plugin. -->","yoast_head_json":{"title":"BAOFENG AR-152 10 W Komradio Prepper - Trygg Tillsyn i Sverige | Trygg arbetsmilj\u00f6 vid asbestsanering","description":"BAOFENG AR-152 10 W Komradio, f\u00f6r Preppern, amat\u00f6rradio, jakt och milit\u00e4r. Med Frekvensomr\u00e5de: 136-174MHz, 400-520MHz med 128 kanaler","robots":{"index":"index","follow":"follow","max-snippet":"max-snippet:-1","max-image-preview":"max-image-preview:large","max-video-preview":"max-video-preview:-1"},"canonical":"https:\/\/tryggtillsynisverige.se\/en\/product\/baofeng-ar-152-dual-band-10w-jakt-militar-och-komradio-komplett-kit\/","og_locale":"en_GB","og_type":"article","og_title":"BAOFENG AR-152 10 W Komradio Prepper - Trygg Tillsyn i Sverige | Trygg arbetsmilj\u00f6 vid asbestsanering","og_description":"BAOFENG AR-152 10 W Komradio, f\u00f6r Preppern, amat\u00f6rradio, jakt och milit\u00e4r. Med Frekvensomr\u00e5de: 136-174MHz, 400-520MHz med 128 kanaler","og_url":"https:\/\/tryggtillsynisverige.se\/en\/product\/baofeng-ar-152-dual-band-10w-jakt-militar-och-komradio-komplett-kit\/","og_site_name":"Trygg Tillsyn i Sverige | Trygg arbetsmilj\u00f6 vid asbestsanering","article_modified_time":"2025-03-24T07:56:11+00:00","og_image":[{"width":1200,"height":1800,"url":"https:\/\/tryggtillsynisverige.se\/wp-content\/uploads\/2025\/01\/SAM_9611-Edit.jpg","type":"image\/jpeg"}],"twitter_card":"summary_large_image","twitter_misc":{"Estimated reading time":"3 minutes"},"schema":{"@context":"https:\/\/schema.org","@graph":[{"@type":"WebPage","@id":"https:\/\/tryggtillsynisverige.se\/product\/baofeng-ar-152-dual-band-10w-jakt-militar-och-komradio-komplett-kit\/","url":"https:\/\/tryggtillsynisverige.se\/product\/baofeng-ar-152-dual-band-10w-jakt-militar-och-komradio-komplett-kit\/","name":"BAOFENG AR-152 10 W Komradio Prepper - Trygg Tillsyn i Sverige | Trygg arbetsmilj\u00f6 vid asbestsanering","isPartOf":{"@id":"https:\/\/tryggtillsynisverige.se\/#website"},"primaryImageOfPage":{"@id":"https:\/\/tryggtillsynisverige.se\/product\/baofeng-ar-152-dual-band-10w-jakt-militar-och-komradio-komplett-kit\/#primaryimage"},"image":{"@id":"https:\/\/tryggtillsynisverige.se\/product\/baofeng-ar-152-dual-band-10w-jakt-militar-och-komradio-komplett-kit\/#primaryimage"},"thumbnailUrl":"https:\/\/tryggtillsynisverige.se\/wp-content\/uploads\/2025\/01\/SAM_9611-Edit.jpg","datePublished":"2025-01-15T12:22:39+00:00","dateModified":"2025-03-24T07:56:11+00:00","description":"BAOFENG AR-152 10 W Komradio, f\u00f6r Preppern, amat\u00f6rradio, jakt och milit\u00e4r. Med Frekvensomr\u00e5de: 136-174MHz, 400-520MHz med 128 kanaler","breadcrumb":{"@id":"https:\/\/tryggtillsynisverige.se\/product\/baofeng-ar-152-dual-band-10w-jakt-militar-och-komradio-komplett-kit\/#breadcrumb"},"inLanguage":"en-GB","potentialAction":[{"@type":"ReadAction","target":["https:\/\/tryggtillsynisverige.se\/product\/baofeng-ar-152-dual-band-10w-jakt-militar-och-komradio-komplett-kit\/"]}]},{"@type":"ImageObject","inLanguage":"en-GB","@id":"https:\/\/tryggtillsynisverige.se\/product\/baofeng-ar-152-dual-band-10w-jakt-militar-och-komradio-komplett-kit\/#primaryimage","url":"https:\/\/tryggtillsynisverige.se\/wp-content\/uploads\/2025\/01\/SAM_9611-Edit.jpg","contentUrl":"https:\/\/tryggtillsynisverige.se\/wp-content\/uploads\/2025\/01\/SAM_9611-Edit.jpg","width":1200,"height":1800,"caption":"Baofeng AR-152 \u00e4r en avancerad radio med l\u00e5ng r\u00e4ckvidd och dubbelband VHF\/UHF. Utrustad med jaktradiokanaler och robust design, vilket g\u00f6r den idealisk f\u00f6r preppers och vid n\u00f6dsituationer som krig eller katastrofer."},{"@type":"BreadcrumbList","@id":"https:\/\/tryggtillsynisverige.se\/product\/baofeng-ar-152-dual-band-10w-jakt-militar-och-komradio-komplett-kit\/#breadcrumb","itemListElement":[{"@type":"ListItem","position":1,"name":"Home","item":"https:\/\/tryggtillsynisverige.se\/"},{"@type":"ListItem","position":2,"name":"Butik","item":"https:\/\/tryggtillsynisverige.se\/en\/butik\/"},{"@type":"ListItem","position":3,"name":"BAOFENG AR-152 Dual Band 10W &#8211; Jakt, Milit\u00e4r och Komradio komplett kit"}]},{"@type":"WebSite","@id":"https:\/\/tryggtillsynisverige.se\/#website","url":"https:\/\/tryggtillsynisverige.se\/","name":"Trygg Tillsyn i Sverige | Trygg arbetsmilj\u00f6 vid asbestsanering","description":"Experter p\u00e5 asbestsanering \u2013 F\u00f6r en s\u00e4ker arbetsmilj\u00f6","publisher":{"@id":"https:\/\/tryggtillsynisverige.se\/#organization"},"potentialAction":[{"@type":"SearchAction","target":{"@type":"EntryPoint","urlTemplate":"https:\/\/tryggtillsynisverige.se\/?s={search_term_string}"},"query-input":{"@type":"PropertyValueSpecification","valueRequired":true,"valueName":"search_term_string"}}],"inLanguage":"en-GB"},{"@type":"Organization","@id":"https:\/\/tryggtillsynisverige.se\/#organization","name":"Trygg Tillsyn i Sverige | Trygg arbetsmilj\u00f6 vid asbestsanering","url":"https:\/\/tryggtillsynisverige.se\/","logo":{"@type":"ImageObject","inLanguage":"en-GB","@id":"https:\/\/tryggtillsynisverige.se\/#\/schema\/logo\/image\/","url":"https:\/\/tryggtillsynisverige.se\/wp-content\/uploads\/2024\/05\/Logga-Trygg-Tillsyn-Svart.gif","contentUrl":"https:\/\/tryggtillsynisverige.se\/wp-content\/uploads\/2024\/05\/Logga-Trygg-Tillsyn-Svart.gif","width":501,"height":72,"caption":"Trygg Tillsyn i Sverige | Trygg arbetsmilj\u00f6 vid asbestsanering"},"image":{"@id":"https:\/\/tryggtillsynisverige.se\/#\/schema\/logo\/image\/"}}]}},"_links":{"self":[{"href":"https:\/\/tryggtillsynisverige.se\/en\/wp-json\/wp\/v2\/product\/2902","targetHints":{"allow":["GET"]}}],"collection":[{"href":"https:\/\/tryggtillsynisverige.se\/en\/wp-json\/wp\/v2\/product"}],"about":[{"href":"https:\/\/tryggtillsynisverige.se\/en\/wp-json\/wp\/v2\/types\/product"}],"replies":[{"embeddable":true,"href":"https:\/\/tryggtillsynisverige.se\/en\/wp-json\/wp\/v2\/comments?post=2902"}],"wp:featuredmedia":[{"embeddable":true,"href":"https:\/\/tryggtillsynisverige.se\/en\/wp-json\/wp\/v2\/media\/2908"}],"wp:attachment":[{"href":"https:\/\/tryggtillsynisverige.se\/en\/wp-json\/wp\/v2\/media?parent=2902"}],"wp:term":[{"taxonomy":"product_brand","embeddable":true,"href":"https:\/\/tryggtillsynisverige.se\/en\/wp-json\/wp\/v2\/product_brand?post=2902"},{"taxonomy":"product_cat","embeddable":true,"href":"https:\/\/tryggtillsynisverige.se\/en\/wp-json\/wp\/v2\/product_cat?post=2902"},{"taxonomy":"product_tag","embeddable":true,"href":"https:\/\/tryggtillsynisverige.se\/en\/wp-json\/wp\/v2\/product_tag?post=2902"}],"curies":[{"name":"wp","href":"https:\/\/api.w.org\/{rel}","templated":true}]}}