{"id":2901,"date":"2025-01-15T12:22:39","date_gmt":"2025-01-15T12:22:39","guid":{"rendered":"https:\/\/tryggtillsynisverige.se\/?post_type=product&#038;p=2901"},"modified":"2025-04-01T12:02:50","modified_gmt":"2025-04-01T10:02:50","slug":"geigermatare","status":"publish","type":"product","link":"https:\/\/tryggtillsynisverige.se\/en\/product\/geigermatare\/","title":{"rendered":"Geigerm\u00e4tare"},"content":{"rendered":"<h4><strong>Geigerm\u00e4tare &#8211; Radiation Detector Bosean FS5000 Geiger<\/strong><\/h4>\n<p>Den erbjuder m\u00e5ngsidiga m\u00f6jligheter f\u00f6r str\u00e5lningsdetektion och ger snabba avl\u00e4sningar av str\u00e5lningsniv\u00e5er. Med den justerbara larmtr\u00f6skeln kan anv\u00e4ndare st\u00e4lla in varningar f\u00f6r specifika str\u00e5lningsniv\u00e5er. Geigerm\u00e4tare &#8211; Radiation Detector \u00e4r l\u00e4tt att b\u00e4ra och anv\u00e4nda, vilket g\u00f6r den idealisk f\u00f6r olika arbetsmilj\u00f6er. FS5000 visar en realtidskurva f\u00f6r doshastighet, vilket ger en visuell bild av str\u00e5lningsexponering \u00f6ver tid. Detta g\u00f6r den anv\u00e4ndarv\u00e4nlig \u00e4ven f\u00f6r icke-professionella. Denna Geigerm\u00e4tare \u00e4r perfekt f\u00f6r str\u00e5lnings\u00f6vervakning i k\u00e4rnkraftverk, medicinsk str\u00e5lningss\u00e4kerhet, industriella tester, gruvutforskning, milj\u00f6\u00f6vervakning och m\u00e5nga andra till\u00e4mpningar.<\/p>\n<ul>\n<li>Uppt\u00e4cker X-, \u03b2- och \u03b3-str\u00e5lar.<\/li>\n<li>Trendgraf, partikelljud, larmljud, displayljud.<\/li>\n<li>Inbyggd Geigerm\u00e4tare med h\u00f6g precision och r\u00e4ckvidd (J321 r\u00f6r).<\/li>\n<li>Realtidsm\u00e4tning av doshastighet och kumulativ dos.<\/li>\n<li>Justerbara tr\u00f6skelv\u00e4rden f\u00f6r dos- och doshastighetslarm.<\/li>\n<li>Visar startdatum f\u00f6r aktuell kumulativ dos.<\/li>\n<li>Dubbla larmfunktioner f\u00f6r doshastighet och dosv\u00e4rde.<\/li>\n<li>Utrustad med ljudlarm.<\/li>\n<li>Blockeringsvarning vid doshastighet \u00f6ver 50mSv\/h (visar 999MAX).<\/li>\n<li>Inbyggt minne som bevarar data vid str\u00f6mavbrott.<\/li>\n<li>Kontinuerlig \u00f6vervakning av batteriniv\u00e5.<\/li>\n<li>Realtidskurva f\u00f6r doshastighet.<\/li>\n<li>Sk\u00e4rmens bakgrundsbelysning kan sl\u00e5s p\u00e5\/av.<\/li>\n<li>Partikelljud kan sl\u00e5s p\u00e5\/av.<\/li>\n<li>Extern Type-C-port f\u00f6r str\u00f6mf\u00f6rs\u00f6rjning.<\/li>\n<\/ul>\n<h5>Geigerm\u00e4tare &#8211; Radiation Detector<\/h5>\n<p><span style=\"font-size: 11.0pt; font-family: 'Aptos Narrow',sans-serif;\">Bosean grundades 2013 och specialiserar sig p\u00e5 utveckling och produktion av gasdetektorer, gasanalysatorer och avst\u00e5ndsm\u00e4tare. Deras innovativa forsknings- och utvecklingsinstrument anv\u00e4nds \u00f6ver hela v\u00e4rlden. <\/span><span style=\"font-size: 11.0pt; font-family: 'Aptos Narrow',sans-serif;\">Bosean arbetar enligt kvalitetsledningssystemen ISO9001, CE, ATEX och ROHS f\u00f6r att s\u00e4kerst\u00e4lla h\u00f6gsta standard och kvalitet p\u00e5 sina produkter.<\/span><\/p>","protected":false},"excerpt":{"rendered":"<p>Geigerm\u00e4tare &#8211; Radiation Detector Bosean FS5000 kan uppt\u00e4cka en m\u00e4ngd olika radioaktiva partiklar, inklusive beta-, gamma- och r\u00f6ntgenstr\u00e5lar.<\/p>","protected":false},"featured_media":2904,"comment_status":"open","ping_status":"closed","template":"","meta":[],"product_brand":[],"product_cat":[35],"product_tag":[],"class_list":{"0":"post-2901","1":"product","2":"type-product","3":"status-publish","4":"has-post-thumbnail","6":"product_cat-geigermatare","8":"first","9":"instock","10":"taxable","11":"shipping-taxable","12":"purchasable","13":"product-type-simple"},"yoast_head":"<!-- This site is optimized with the Yoast SEO plugin v27.5 - https:\/\/yoast.com\/product\/yoast-seo-wordpress\/ -->\n<title>Geigerm\u00e4tare Bosean FS5000 Geiger - Radiation Detector - Trygg Tillsyn i Sverige | Trygg arbetsmilj\u00f6 vid asbestsanering<\/title>\n<meta name=\"description\" content=\"Geigerm\u00e4tare - Radiation Detector Bosean FS5000 kan uppt\u00e4cka en m\u00e4ngd olika radioaktiva partiklar, inklusive beta-, gamma- och r\u00f6ntgenstr\u00e5lar.\" \/>\n<meta name=\"robots\" content=\"index, follow, max-snippet:-1, max-image-preview:large, max-video-preview:-1\" \/>\n<link rel=\"canonical\" href=\"https:\/\/tryggtillsynisverige.se\/en\/product\/geigermatare\/\" \/>\n<meta property=\"og:locale\" content=\"en_GB\" \/>\n<meta property=\"og:type\" content=\"article\" \/>\n<meta property=\"og:title\" content=\"Geigerm\u00e4tare Bosean FS5000 Geiger - Radiation Detector - Trygg Tillsyn i Sverige | Trygg arbetsmilj\u00f6 vid asbestsanering\" \/>\n<meta property=\"og:description\" content=\"Geigerm\u00e4tare - Radiation Detector Bosean FS5000 kan uppt\u00e4cka en m\u00e4ngd olika radioaktiva partiklar, inklusive beta-, gamma- och r\u00f6ntgenstr\u00e5lar.\" \/>\n<meta property=\"og:url\" content=\"https:\/\/tryggtillsynisverige.se\/en\/product\/geigermatare\/\" \/>\n<meta property=\"og:site_name\" content=\"Trygg Tillsyn i Sverige | Trygg arbetsmilj\u00f6 vid asbestsanering\" \/>\n<meta property=\"article:modified_time\" content=\"2025-04-01T10:02:50+00:00\" \/>\n<meta property=\"og:image\" content=\"https:\/\/tryggtillsynisverige.se\/wp-content\/uploads\/2025\/01\/SAM_9417-Edit.jpg\" \/>\n\t<meta property=\"og:image:width\" content=\"1200\" \/>\n\t<meta property=\"og:image:height\" content=\"1200\" \/>\n\t<meta property=\"og:image:type\" content=\"image\/jpeg\" \/>\n<meta name=\"twitter:card\" content=\"summary_large_image\" \/>\n<meta name=\"twitter:label1\" content=\"Estimated reading time\" \/>\n\t<meta name=\"twitter:data1\" content=\"2 minutes\" \/>\n<script type=\"application\/ld+json\" class=\"yoast-schema-graph\">{\"@context\":\"https:\\\/\\\/schema.org\",\"@graph\":[{\"@type\":\"WebPage\",\"@id\":\"https:\\\/\\\/tryggtillsynisverige.se\\\/product\\\/geigermatare\\\/\",\"url\":\"https:\\\/\\\/tryggtillsynisverige.se\\\/product\\\/geigermatare\\\/\",\"name\":\"Geigerm\u00e4tare Bosean FS5000 Geiger - Radiation Detector - Trygg Tillsyn i Sverige | Trygg arbetsmilj\u00f6 vid asbestsanering\",\"isPartOf\":{\"@id\":\"https:\\\/\\\/tryggtillsynisverige.se\\\/#website\"},\"primaryImageOfPage\":{\"@id\":\"https:\\\/\\\/tryggtillsynisverige.se\\\/product\\\/geigermatare\\\/#primaryimage\"},\"image\":{\"@id\":\"https:\\\/\\\/tryggtillsynisverige.se\\\/product\\\/geigermatare\\\/#primaryimage\"},\"thumbnailUrl\":\"https:\\\/\\\/tryggtillsynisverige.se\\\/wp-content\\\/uploads\\\/2025\\\/01\\\/SAM_9417-Edit.jpg\",\"datePublished\":\"2025-01-15T12:22:39+00:00\",\"dateModified\":\"2025-04-01T10:02:50+00:00\",\"description\":\"Geigerm\u00e4tare - Radiation Detector Bosean FS5000 kan uppt\u00e4cka en m\u00e4ngd olika radioaktiva partiklar, inklusive beta-, gamma- och r\u00f6ntgenstr\u00e5lar.\",\"breadcrumb\":{\"@id\":\"https:\\\/\\\/tryggtillsynisverige.se\\\/product\\\/geigermatare\\\/#breadcrumb\"},\"inLanguage\":\"en-GB\",\"potentialAction\":[{\"@type\":\"ReadAction\",\"target\":[\"https:\\\/\\\/tryggtillsynisverige.se\\\/product\\\/geigermatare\\\/\"]}]},{\"@type\":\"ImageObject\",\"inLanguage\":\"en-GB\",\"@id\":\"https:\\\/\\\/tryggtillsynisverige.se\\\/product\\\/geigermatare\\\/#primaryimage\",\"url\":\"https:\\\/\\\/tryggtillsynisverige.se\\\/wp-content\\\/uploads\\\/2025\\\/01\\\/SAM_9417-Edit.jpg\",\"contentUrl\":\"https:\\\/\\\/tryggtillsynisverige.se\\\/wp-content\\\/uploads\\\/2025\\\/01\\\/SAM_9417-Edit.jpg\",\"width\":1200,\"height\":1200,\"caption\":\"En Geigerm\u00e4tare fr\u00e5n Bosean som anv\u00e4nds f\u00f6r att m\u00e4ta radioaktivitet, designad f\u00f6r noggranna och p\u00e5litliga m\u00e4tningar.\"},{\"@type\":\"BreadcrumbList\",\"@id\":\"https:\\\/\\\/tryggtillsynisverige.se\\\/product\\\/geigermatare\\\/#breadcrumb\",\"itemListElement\":[{\"@type\":\"ListItem\",\"position\":1,\"name\":\"Home\",\"item\":\"https:\\\/\\\/tryggtillsynisverige.se\\\/\"},{\"@type\":\"ListItem\",\"position\":2,\"name\":\"Butik\",\"item\":\"https:\\\/\\\/tryggtillsynisverige.se\\\/en\\\/butik\\\/\"},{\"@type\":\"ListItem\",\"position\":3,\"name\":\"Geigerm\u00e4tare\"}]},{\"@type\":\"WebSite\",\"@id\":\"https:\\\/\\\/tryggtillsynisverige.se\\\/#website\",\"url\":\"https:\\\/\\\/tryggtillsynisverige.se\\\/\",\"name\":\"Trygg Tillsyn i Sverige | Trygg arbetsmilj\u00f6 vid asbestsanering\",\"description\":\"Experter p\u00e5 asbestsanering \u2013 F\u00f6r en s\u00e4ker arbetsmilj\u00f6\",\"publisher\":{\"@id\":\"https:\\\/\\\/tryggtillsynisverige.se\\\/#organization\"},\"potentialAction\":[{\"@type\":\"SearchAction\",\"target\":{\"@type\":\"EntryPoint\",\"urlTemplate\":\"https:\\\/\\\/tryggtillsynisverige.se\\\/?s={search_term_string}\"},\"query-input\":{\"@type\":\"PropertyValueSpecification\",\"valueRequired\":true,\"valueName\":\"search_term_string\"}}],\"inLanguage\":\"en-GB\"},{\"@type\":\"Organization\",\"@id\":\"https:\\\/\\\/tryggtillsynisverige.se\\\/#organization\",\"name\":\"Trygg Tillsyn i Sverige | Trygg arbetsmilj\u00f6 vid asbestsanering\",\"url\":\"https:\\\/\\\/tryggtillsynisverige.se\\\/\",\"logo\":{\"@type\":\"ImageObject\",\"inLanguage\":\"en-GB\",\"@id\":\"https:\\\/\\\/tryggtillsynisverige.se\\\/#\\\/schema\\\/logo\\\/image\\\/\",\"url\":\"https:\\\/\\\/tryggtillsynisverige.se\\\/wp-content\\\/uploads\\\/2024\\\/05\\\/Logga-Trygg-Tillsyn-Svart.gif\",\"contentUrl\":\"https:\\\/\\\/tryggtillsynisverige.se\\\/wp-content\\\/uploads\\\/2024\\\/05\\\/Logga-Trygg-Tillsyn-Svart.gif\",\"width\":501,\"height\":72,\"caption\":\"Trygg Tillsyn i Sverige | Trygg arbetsmilj\u00f6 vid asbestsanering\"},\"image\":{\"@id\":\"https:\\\/\\\/tryggtillsynisverige.se\\\/#\\\/schema\\\/logo\\\/image\\\/\"}}]}<\/script>\n<!-- \/ Yoast SEO plugin. -->","yoast_head_json":{"title":"Geigerm\u00e4tare Bosean FS5000 Geiger - Radiation Detector - Trygg Tillsyn i Sverige | Trygg arbetsmilj\u00f6 vid asbestsanering","description":"Geigerm\u00e4tare - Radiation Detector Bosean FS5000 kan uppt\u00e4cka en m\u00e4ngd olika radioaktiva partiklar, inklusive beta-, gamma- och r\u00f6ntgenstr\u00e5lar.","robots":{"index":"index","follow":"follow","max-snippet":"max-snippet:-1","max-image-preview":"max-image-preview:large","max-video-preview":"max-video-preview:-1"},"canonical":"https:\/\/tryggtillsynisverige.se\/en\/product\/geigermatare\/","og_locale":"en_GB","og_type":"article","og_title":"Geigerm\u00e4tare Bosean FS5000 Geiger - Radiation Detector - Trygg Tillsyn i Sverige | Trygg arbetsmilj\u00f6 vid asbestsanering","og_description":"Geigerm\u00e4tare - Radiation Detector Bosean FS5000 kan uppt\u00e4cka en m\u00e4ngd olika radioaktiva partiklar, inklusive beta-, gamma- och r\u00f6ntgenstr\u00e5lar.","og_url":"https:\/\/tryggtillsynisverige.se\/en\/product\/geigermatare\/","og_site_name":"Trygg Tillsyn i Sverige | Trygg arbetsmilj\u00f6 vid asbestsanering","article_modified_time":"2025-04-01T10:02:50+00:00","og_image":[{"width":1200,"height":1200,"url":"https:\/\/tryggtillsynisverige.se\/wp-content\/uploads\/2025\/01\/SAM_9417-Edit.jpg","type":"image\/jpeg"}],"twitter_card":"summary_large_image","twitter_misc":{"Estimated reading time":"2 minutes"},"schema":{"@context":"https:\/\/schema.org","@graph":[{"@type":"WebPage","@id":"https:\/\/tryggtillsynisverige.se\/product\/geigermatare\/","url":"https:\/\/tryggtillsynisverige.se\/product\/geigermatare\/","name":"Geigerm\u00e4tare Bosean FS5000 Geiger - Radiation Detector - Trygg Tillsyn i Sverige | Trygg arbetsmilj\u00f6 vid asbestsanering","isPartOf":{"@id":"https:\/\/tryggtillsynisverige.se\/#website"},"primaryImageOfPage":{"@id":"https:\/\/tryggtillsynisverige.se\/product\/geigermatare\/#primaryimage"},"image":{"@id":"https:\/\/tryggtillsynisverige.se\/product\/geigermatare\/#primaryimage"},"thumbnailUrl":"https:\/\/tryggtillsynisverige.se\/wp-content\/uploads\/2025\/01\/SAM_9417-Edit.jpg","datePublished":"2025-01-15T12:22:39+00:00","dateModified":"2025-04-01T10:02:50+00:00","description":"Geigerm\u00e4tare - Radiation Detector Bosean FS5000 kan uppt\u00e4cka en m\u00e4ngd olika radioaktiva partiklar, inklusive beta-, gamma- och r\u00f6ntgenstr\u00e5lar.","breadcrumb":{"@id":"https:\/\/tryggtillsynisverige.se\/product\/geigermatare\/#breadcrumb"},"inLanguage":"en-GB","potentialAction":[{"@type":"ReadAction","target":["https:\/\/tryggtillsynisverige.se\/product\/geigermatare\/"]}]},{"@type":"ImageObject","inLanguage":"en-GB","@id":"https:\/\/tryggtillsynisverige.se\/product\/geigermatare\/#primaryimage","url":"https:\/\/tryggtillsynisverige.se\/wp-content\/uploads\/2025\/01\/SAM_9417-Edit.jpg","contentUrl":"https:\/\/tryggtillsynisverige.se\/wp-content\/uploads\/2025\/01\/SAM_9417-Edit.jpg","width":1200,"height":1200,"caption":"En Geigerm\u00e4tare fr\u00e5n Bosean som anv\u00e4nds f\u00f6r att m\u00e4ta radioaktivitet, designad f\u00f6r noggranna och p\u00e5litliga m\u00e4tningar."},{"@type":"BreadcrumbList","@id":"https:\/\/tryggtillsynisverige.se\/product\/geigermatare\/#breadcrumb","itemListElement":[{"@type":"ListItem","position":1,"name":"Home","item":"https:\/\/tryggtillsynisverige.se\/"},{"@type":"ListItem","position":2,"name":"Butik","item":"https:\/\/tryggtillsynisverige.se\/en\/butik\/"},{"@type":"ListItem","position":3,"name":"Geigerm\u00e4tare"}]},{"@type":"WebSite","@id":"https:\/\/tryggtillsynisverige.se\/#website","url":"https:\/\/tryggtillsynisverige.se\/","name":"Trygg Tillsyn i Sverige | Trygg arbetsmilj\u00f6 vid asbestsanering","description":"Experter p\u00e5 asbestsanering \u2013 F\u00f6r en s\u00e4ker arbetsmilj\u00f6","publisher":{"@id":"https:\/\/tryggtillsynisverige.se\/#organization"},"potentialAction":[{"@type":"SearchAction","target":{"@type":"EntryPoint","urlTemplate":"https:\/\/tryggtillsynisverige.se\/?s={search_term_string}"},"query-input":{"@type":"PropertyValueSpecification","valueRequired":true,"valueName":"search_term_string"}}],"inLanguage":"en-GB"},{"@type":"Organization","@id":"https:\/\/tryggtillsynisverige.se\/#organization","name":"Trygg Tillsyn i Sverige | Trygg arbetsmilj\u00f6 vid asbestsanering","url":"https:\/\/tryggtillsynisverige.se\/","logo":{"@type":"ImageObject","inLanguage":"en-GB","@id":"https:\/\/tryggtillsynisverige.se\/#\/schema\/logo\/image\/","url":"https:\/\/tryggtillsynisverige.se\/wp-content\/uploads\/2024\/05\/Logga-Trygg-Tillsyn-Svart.gif","contentUrl":"https:\/\/tryggtillsynisverige.se\/wp-content\/uploads\/2024\/05\/Logga-Trygg-Tillsyn-Svart.gif","width":501,"height":72,"caption":"Trygg Tillsyn i Sverige | Trygg arbetsmilj\u00f6 vid asbestsanering"},"image":{"@id":"https:\/\/tryggtillsynisverige.se\/#\/schema\/logo\/image\/"}}]}},"_links":{"self":[{"href":"https:\/\/tryggtillsynisverige.se\/en\/wp-json\/wp\/v2\/product\/2901","targetHints":{"allow":["GET"]}}],"collection":[{"href":"https:\/\/tryggtillsynisverige.se\/en\/wp-json\/wp\/v2\/product"}],"about":[{"href":"https:\/\/tryggtillsynisverige.se\/en\/wp-json\/wp\/v2\/types\/product"}],"replies":[{"embeddable":true,"href":"https:\/\/tryggtillsynisverige.se\/en\/wp-json\/wp\/v2\/comments?post=2901"}],"wp:featuredmedia":[{"embeddable":true,"href":"https:\/\/tryggtillsynisverige.se\/en\/wp-json\/wp\/v2\/media\/2904"}],"wp:attachment":[{"href":"https:\/\/tryggtillsynisverige.se\/en\/wp-json\/wp\/v2\/media?parent=2901"}],"wp:term":[{"taxonomy":"product_brand","embeddable":true,"href":"https:\/\/tryggtillsynisverige.se\/en\/wp-json\/wp\/v2\/product_brand?post=2901"},{"taxonomy":"product_cat","embeddable":true,"href":"https:\/\/tryggtillsynisverige.se\/en\/wp-json\/wp\/v2\/product_cat?post=2901"},{"taxonomy":"product_tag","embeddable":true,"href":"https:\/\/tryggtillsynisverige.se\/en\/wp-json\/wp\/v2\/product_tag?post=2901"}],"curies":[{"name":"wp","href":"https:\/\/api.w.org\/{rel}","templated":true}]}}