{"id":184,"date":"2024-05-21T14:04:07","date_gmt":"2024-05-21T14:04:07","guid":{"rendered":"http:\/\/doron"},"modified":"2025-02-13T10:41:24","modified_gmt":"2025-02-13T09:41:24","slug":"provtagningskit-asbest","status":"publish","type":"product","link":"https:\/\/tryggtillsynisverige.se\/en\/product\/provtagningskit-asbest\/","title":{"rendered":"Provtagningskit Asbest"},"content":{"rendered":"<h2>Provtagningskit f\u00f6r asbest och m\u00f6gel \u2013 komplett skyddsutrustning<\/h2>\n<p>Detta provtagningskit inneh\u00e5ller allt du beh\u00f6ver f\u00f6r att g\u00f6ra en s\u00e4ker och trygg provtagning i milj\u00f6er d\u00e4r asbest eller m\u00f6gel kan f\u00f6rekomma. Kitet \u00e4r anpassat f\u00f6r professionell och privat anv\u00e4ndning.<\/p>\n<h2>Inneh\u00e5ll i provtagningskitet<\/h2>\n<h3>1. Skyddsglas\u00f6gon och FFP3-mask<\/h3>\n<p><strong>FFP3-mask<\/strong> ger h\u00f6gsta m\u00f6jliga skydd mot farliga partiklar, inklusive asbest, virus och bakterier. Det \u00e4r den enda skyddsklassen som \u00e4r godk\u00e4nd f\u00f6r arbete med asbest (upp till 1 fiber\/cm\u00b3 i timmen).<\/p>\n<ul>\n<li>\u00c5teranv\u00e4ndbar FFP3-mask med ventil<\/li>\n<li>Filtreringsgrad: &gt;99% enligt EN 149:2001 + A1:2009<\/li>\n<li>CE-m\u00e4rkt (CE 1437) och godk\u00e4nd enligt <strong>EN 149 FFP3 R D<\/strong><\/li>\n<\/ul>\n<p><strong>Skyddsglas\u00f6gon:<\/strong> Imfria och rept\u00e5liga polykarbonatglas\u00f6gon med bra passform och ergonomisk design.<\/p>\n<h3>2. Eng\u00e5ngsmontagehandskar och asbesttejp<\/h3>\n<p>Slitstarka PU-belagda handskar och asbesttejp f\u00f6r att minimera risken f\u00f6r fiberexponering under provtagningen.<\/p>\n<h3>3. Coverall overall och st\u00f6velskydd<\/h3>\n<p>Antistatisk eng\u00e5ngsoverall med 3-delad huva, res\u00e5r i \u00e4rmar och ben samt dragkedja med \u00e5terf\u00f6rslutbar flik.<\/p>\n<ul>\n<li>SMMS nonwoven-teknik f\u00f6r maximal skydd och andningsf\u00f6rm\u00e5ga<\/li>\n<li>Godk\u00e4nd enligt <strong>Typ 5 och 6 PPE-skyddsklasser<\/strong>:\n<ul>\n<li>EN-ISO 13688 :2013<\/li>\n<li>EN-ISO 13982-1 :2004 +A1 :2010 Type 5<\/li>\n<li>EN 13034 :2005 Type 6<\/li>\n<li>EN 1149-5 :2008 (elektrostatiskt skydd)<\/li>\n<\/ul>\n<\/li>\n<\/ul>\n<h3>4. Transportp\u00e5se och dubbla Grippy zipp\u00e5sar<\/h3>\n<p>F\u00f6rpackningen inneh\u00e5ller:<\/p>\n<ul>\n<li>Slitstarka dubbla zipp\u00e5sar f\u00f6r s\u00e4ker hantering av ditt prov<\/li>\n<li>Vadderat kuvert m\u00e4rkt &#8221;Farligt Gods&#8221; f\u00f6r trygg transport till analyslaboratorium<\/li>\n<\/ul>\n<h2>Varf\u00f6r v\u00e4lja v\u00e5rt provtagningskit?<\/h2>\n<ul>\n<li>Allt du beh\u00f6ver f\u00f6r en <strong>s\u00e4ker provtagning av asbest och m\u00f6gel<\/strong><\/li>\n<li>H\u00f6gsta skyddsklass f\u00f6r personlig s\u00e4kerhet<\/li>\n<li>Enkel och trygg provhantering<\/li>\n<\/ul>\n<p>Best\u00e4ll ditt <strong>provtagningskit f\u00f6r asbest och m\u00f6gel<\/strong> idag och utf\u00f6r en trygg och s\u00e4ker provtagning!<\/p>","protected":false},"excerpt":{"rendered":"<h1>Provtagningskit f\u00f6r asbest och m\u00f6gel \u2013 komplett skyddsutrustning<\/h1>\n<p>I detta provtagningskit finner ni allt som beh\u00f6vs f\u00f6r att ta ett tryggt asbestprov i din fastighet.<\/p>\n<h2>Viktig information om asbestprovtagning<\/h2>\n<p><strong>OBS!<\/strong><\/p>\n<p>Enligt EUs kemikalielagstiftning (<a href=\"https:\/\/eur-lex.europa.eu\/legal-content\/SV\/TXT\/?uri=CELEX%3A02006R1907-20231218\" target=\"_blank\" rel=\"noopener\">Reach, bilaga XVII, punkt 6<\/a>) \u00e4r det f\u00f6rbjudet att tillverka, s\u00e4lja och anv\u00e4nda asbestfibrer samt asbesthaltiga material \u2013 \u00e4ven f\u00f6r privatpersoner.<\/p>\n<p>Om provtagningen genomf\u00f6rs felaktigt och utan tillr\u00e4cklig kunskap kan det leda till att asbestdamm sprids, vilket \u00e4r en allvarlig h\u00e4lsorisk.<\/p>\n<p>Vi rekommenderar d\u00e4rf\u00f6r att alla som tar prover f\u00f6r asbest genomg\u00e5r v\u00e5r <a href=\"\/en\/URL-till-kursen\/\">kurs i provtagning<\/a> innan testet utf\u00f6rs.<\/p>","protected":false},"featured_media":1722,"comment_status":"open","ping_status":"closed","template":"","meta":[],"product_brand":[],"product_cat":[40],"product_tag":[],"class_list":{"0":"post-184","1":"product","2":"type-product","3":"status-publish","4":"has-post-thumbnail","6":"product_cat-provtagningskit","8":"first","9":"instock","10":"taxable","11":"shipping-taxable","12":"purchasable","13":"product-type-simple"},"yoast_head":"<!-- This site is optimized with the Yoast SEO plugin v27.5 - https:\/\/yoast.com\/product\/yoast-seo-wordpress\/ -->\n<title>Provtagningskit Asbest - Trygg Tillsyn i Sverige | Trygg arbetsmilj\u00f6 vid asbestsanering<\/title>\n<meta name=\"robots\" content=\"index, follow, max-snippet:-1, max-image-preview:large, max-video-preview:-1\" \/>\n<link rel=\"canonical\" href=\"https:\/\/tryggtillsynisverige.se\/en\/product\/provtagningskit-asbest\/\" \/>\n<meta property=\"og:locale\" content=\"en_GB\" \/>\n<meta property=\"og:type\" content=\"article\" \/>\n<meta property=\"og:title\" content=\"Provtagningskit Asbest - Trygg Tillsyn i Sverige | Trygg arbetsmilj\u00f6 vid asbestsanering\" \/>\n<meta property=\"og:description\" content=\"Provtagningskit f\u00f6r asbest och m\u00f6gel \u2013 komplett skyddsutrustning I detta provtagningskit finner ni allt som beh\u00f6vs f\u00f6r att ta ett tryggt asbestprov i din fastighet. Viktig information om asbestprovtagning OBS!  Enligt EUs kemikalielagstiftning (Reach, bilaga XVII, punkt 6) \u00e4r det f\u00f6rbjudet att tillverka, s\u00e4lja och anv\u00e4nda asbestfibrer samt asbesthaltiga material \u2013 \u00e4ven f\u00f6r privatpersoner.  Om provtagningen genomf\u00f6rs felaktigt och utan tillr\u00e4cklig kunskap kan det leda till att asbestdamm sprids, vilket \u00e4r en allvarlig h\u00e4lsorisk.  Vi rekommenderar d\u00e4rf\u00f6r att alla som tar prover f\u00f6r asbest genomg\u00e5r v\u00e5r kurs i provtagning innan testet utf\u00f6rs.\" \/>\n<meta property=\"og:url\" content=\"https:\/\/tryggtillsynisverige.se\/en\/product\/provtagningskit-asbest\/\" \/>\n<meta property=\"og:site_name\" content=\"Trygg Tillsyn i Sverige | Trygg arbetsmilj\u00f6 vid asbestsanering\" \/>\n<meta property=\"article:modified_time\" content=\"2025-02-13T09:41:24+00:00\" \/>\n<meta property=\"og:image\" content=\"https:\/\/tryggtillsynisverige.se\/wp-content\/uploads\/2024\/05\/TESTKIT-scaled.jpeg\" \/>\n\t<meta property=\"og:image:width\" content=\"2560\" \/>\n\t<meta property=\"og:image:height\" content=\"2436\" \/>\n\t<meta property=\"og:image:type\" content=\"image\/jpeg\" \/>\n<meta name=\"twitter:card\" content=\"summary_large_image\" \/>\n<meta name=\"twitter:label1\" content=\"Estimated reading time\" \/>\n\t<meta name=\"twitter:data1\" content=\"1 minute\" \/>\n<script type=\"application\/ld+json\" class=\"yoast-schema-graph\">{\"@context\":\"https:\\\/\\\/schema.org\",\"@graph\":[{\"@type\":\"WebPage\",\"@id\":\"https:\\\/\\\/tryggtillsynisverige.se\\\/product\\\/provtagningskit-asbest\\\/\",\"url\":\"https:\\\/\\\/tryggtillsynisverige.se\\\/product\\\/provtagningskit-asbest\\\/\",\"name\":\"Provtagningskit Asbest - Trygg Tillsyn i Sverige | Trygg arbetsmilj\u00f6 vid asbestsanering\",\"isPartOf\":{\"@id\":\"https:\\\/\\\/tryggtillsynisverige.se\\\/#website\"},\"primaryImageOfPage\":{\"@id\":\"https:\\\/\\\/tryggtillsynisverige.se\\\/product\\\/provtagningskit-asbest\\\/#primaryimage\"},\"image\":{\"@id\":\"https:\\\/\\\/tryggtillsynisverige.se\\\/product\\\/provtagningskit-asbest\\\/#primaryimage\"},\"thumbnailUrl\":\"https:\\\/\\\/tryggtillsynisverige.se\\\/wp-content\\\/uploads\\\/2024\\\/05\\\/TESTKIT-scaled.jpeg\",\"datePublished\":\"2024-05-21T14:04:07+00:00\",\"dateModified\":\"2025-02-13T09:41:24+00:00\",\"breadcrumb\":{\"@id\":\"https:\\\/\\\/tryggtillsynisverige.se\\\/product\\\/provtagningskit-asbest\\\/#breadcrumb\"},\"inLanguage\":\"en-GB\",\"potentialAction\":[{\"@type\":\"ReadAction\",\"target\":[\"https:\\\/\\\/tryggtillsynisverige.se\\\/product\\\/provtagningskit-asbest\\\/\"]}]},{\"@type\":\"ImageObject\",\"inLanguage\":\"en-GB\",\"@id\":\"https:\\\/\\\/tryggtillsynisverige.se\\\/product\\\/provtagningskit-asbest\\\/#primaryimage\",\"url\":\"https:\\\/\\\/tryggtillsynisverige.se\\\/wp-content\\\/uploads\\\/2024\\\/05\\\/TESTKIT-scaled.jpeg\",\"contentUrl\":\"https:\\\/\\\/tryggtillsynisverige.se\\\/wp-content\\\/uploads\\\/2024\\\/05\\\/TESTKIT-scaled.jpeg\",\"width\":2560,\"height\":2436,\"caption\":\"Provtagningkit f\u00f6r asbest, komplett med alla n\u00f6dv\u00e4ndiga verktyg f\u00f6r att testa f\u00f6r asbest i ditt kakel eller plastmatta innan sanering.\"},{\"@type\":\"BreadcrumbList\",\"@id\":\"https:\\\/\\\/tryggtillsynisverige.se\\\/product\\\/provtagningskit-asbest\\\/#breadcrumb\",\"itemListElement\":[{\"@type\":\"ListItem\",\"position\":1,\"name\":\"Home\",\"item\":\"https:\\\/\\\/tryggtillsynisverige.se\\\/\"},{\"@type\":\"ListItem\",\"position\":2,\"name\":\"Butik\",\"item\":\"https:\\\/\\\/tryggtillsynisverige.se\\\/en\\\/butik\\\/\"},{\"@type\":\"ListItem\",\"position\":3,\"name\":\"Provtagningskit Asbest\"}]},{\"@type\":\"WebSite\",\"@id\":\"https:\\\/\\\/tryggtillsynisverige.se\\\/#website\",\"url\":\"https:\\\/\\\/tryggtillsynisverige.se\\\/\",\"name\":\"Trygg Tillsyn i Sverige | Trygg arbetsmilj\u00f6 vid asbestsanering\",\"description\":\"Experter p\u00e5 asbestsanering \u2013 F\u00f6r en s\u00e4ker arbetsmilj\u00f6\",\"publisher\":{\"@id\":\"https:\\\/\\\/tryggtillsynisverige.se\\\/#organization\"},\"potentialAction\":[{\"@type\":\"SearchAction\",\"target\":{\"@type\":\"EntryPoint\",\"urlTemplate\":\"https:\\\/\\\/tryggtillsynisverige.se\\\/?s={search_term_string}\"},\"query-input\":{\"@type\":\"PropertyValueSpecification\",\"valueRequired\":true,\"valueName\":\"search_term_string\"}}],\"inLanguage\":\"en-GB\"},{\"@type\":\"Organization\",\"@id\":\"https:\\\/\\\/tryggtillsynisverige.se\\\/#organization\",\"name\":\"Trygg Tillsyn i Sverige | Trygg arbetsmilj\u00f6 vid asbestsanering\",\"url\":\"https:\\\/\\\/tryggtillsynisverige.se\\\/\",\"logo\":{\"@type\":\"ImageObject\",\"inLanguage\":\"en-GB\",\"@id\":\"https:\\\/\\\/tryggtillsynisverige.se\\\/#\\\/schema\\\/logo\\\/image\\\/\",\"url\":\"https:\\\/\\\/tryggtillsynisverige.se\\\/wp-content\\\/uploads\\\/2024\\\/05\\\/Logga-Trygg-Tillsyn-Svart.gif\",\"contentUrl\":\"https:\\\/\\\/tryggtillsynisverige.se\\\/wp-content\\\/uploads\\\/2024\\\/05\\\/Logga-Trygg-Tillsyn-Svart.gif\",\"width\":501,\"height\":72,\"caption\":\"Trygg Tillsyn i Sverige | Trygg arbetsmilj\u00f6 vid asbestsanering\"},\"image\":{\"@id\":\"https:\\\/\\\/tryggtillsynisverige.se\\\/#\\\/schema\\\/logo\\\/image\\\/\"}}]}<\/script>\n<!-- \/ Yoast SEO plugin. -->","yoast_head_json":{"title":"Provtagningskit Asbest - Trygg Tillsyn i Sverige | Trygg arbetsmilj\u00f6 vid asbestsanering","robots":{"index":"index","follow":"follow","max-snippet":"max-snippet:-1","max-image-preview":"max-image-preview:large","max-video-preview":"max-video-preview:-1"},"canonical":"https:\/\/tryggtillsynisverige.se\/en\/product\/provtagningskit-asbest\/","og_locale":"en_GB","og_type":"article","og_title":"Provtagningskit Asbest - Trygg Tillsyn i Sverige | Trygg arbetsmilj\u00f6 vid asbestsanering","og_description":"Provtagningskit f\u00f6r asbest och m\u00f6gel \u2013 komplett skyddsutrustning I detta provtagningskit finner ni allt som beh\u00f6vs f\u00f6r att ta ett tryggt asbestprov i din fastighet. Viktig information om asbestprovtagning OBS!  Enligt EUs kemikalielagstiftning (Reach, bilaga XVII, punkt 6) \u00e4r det f\u00f6rbjudet att tillverka, s\u00e4lja och anv\u00e4nda asbestfibrer samt asbesthaltiga material \u2013 \u00e4ven f\u00f6r privatpersoner.  Om provtagningen genomf\u00f6rs felaktigt och utan tillr\u00e4cklig kunskap kan det leda till att asbestdamm sprids, vilket \u00e4r en allvarlig h\u00e4lsorisk.  Vi rekommenderar d\u00e4rf\u00f6r att alla som tar prover f\u00f6r asbest genomg\u00e5r v\u00e5r kurs i provtagning innan testet utf\u00f6rs.","og_url":"https:\/\/tryggtillsynisverige.se\/en\/product\/provtagningskit-asbest\/","og_site_name":"Trygg Tillsyn i Sverige | Trygg arbetsmilj\u00f6 vid asbestsanering","article_modified_time":"2025-02-13T09:41:24+00:00","og_image":[{"width":2560,"height":2436,"url":"https:\/\/tryggtillsynisverige.se\/wp-content\/uploads\/2024\/05\/TESTKIT-scaled.jpeg","type":"image\/jpeg"}],"twitter_card":"summary_large_image","twitter_misc":{"Estimated reading time":"1 minute"},"schema":{"@context":"https:\/\/schema.org","@graph":[{"@type":"WebPage","@id":"https:\/\/tryggtillsynisverige.se\/product\/provtagningskit-asbest\/","url":"https:\/\/tryggtillsynisverige.se\/product\/provtagningskit-asbest\/","name":"Provtagningskit Asbest - Trygg Tillsyn i Sverige | Trygg arbetsmilj\u00f6 vid asbestsanering","isPartOf":{"@id":"https:\/\/tryggtillsynisverige.se\/#website"},"primaryImageOfPage":{"@id":"https:\/\/tryggtillsynisverige.se\/product\/provtagningskit-asbest\/#primaryimage"},"image":{"@id":"https:\/\/tryggtillsynisverige.se\/product\/provtagningskit-asbest\/#primaryimage"},"thumbnailUrl":"https:\/\/tryggtillsynisverige.se\/wp-content\/uploads\/2024\/05\/TESTKIT-scaled.jpeg","datePublished":"2024-05-21T14:04:07+00:00","dateModified":"2025-02-13T09:41:24+00:00","breadcrumb":{"@id":"https:\/\/tryggtillsynisverige.se\/product\/provtagningskit-asbest\/#breadcrumb"},"inLanguage":"en-GB","potentialAction":[{"@type":"ReadAction","target":["https:\/\/tryggtillsynisverige.se\/product\/provtagningskit-asbest\/"]}]},{"@type":"ImageObject","inLanguage":"en-GB","@id":"https:\/\/tryggtillsynisverige.se\/product\/provtagningskit-asbest\/#primaryimage","url":"https:\/\/tryggtillsynisverige.se\/wp-content\/uploads\/2024\/05\/TESTKIT-scaled.jpeg","contentUrl":"https:\/\/tryggtillsynisverige.se\/wp-content\/uploads\/2024\/05\/TESTKIT-scaled.jpeg","width":2560,"height":2436,"caption":"Provtagningkit f\u00f6r asbest, komplett med alla n\u00f6dv\u00e4ndiga verktyg f\u00f6r att testa f\u00f6r asbest i ditt kakel eller plastmatta innan sanering."},{"@type":"BreadcrumbList","@id":"https:\/\/tryggtillsynisverige.se\/product\/provtagningskit-asbest\/#breadcrumb","itemListElement":[{"@type":"ListItem","position":1,"name":"Home","item":"https:\/\/tryggtillsynisverige.se\/"},{"@type":"ListItem","position":2,"name":"Butik","item":"https:\/\/tryggtillsynisverige.se\/en\/butik\/"},{"@type":"ListItem","position":3,"name":"Provtagningskit Asbest"}]},{"@type":"WebSite","@id":"https:\/\/tryggtillsynisverige.se\/#website","url":"https:\/\/tryggtillsynisverige.se\/","name":"Trygg Tillsyn i Sverige | Trygg arbetsmilj\u00f6 vid asbestsanering","description":"Experter p\u00e5 asbestsanering \u2013 F\u00f6r en s\u00e4ker arbetsmilj\u00f6","publisher":{"@id":"https:\/\/tryggtillsynisverige.se\/#organization"},"potentialAction":[{"@type":"SearchAction","target":{"@type":"EntryPoint","urlTemplate":"https:\/\/tryggtillsynisverige.se\/?s={search_term_string}"},"query-input":{"@type":"PropertyValueSpecification","valueRequired":true,"valueName":"search_term_string"}}],"inLanguage":"en-GB"},{"@type":"Organization","@id":"https:\/\/tryggtillsynisverige.se\/#organization","name":"Trygg Tillsyn i Sverige | Trygg arbetsmilj\u00f6 vid asbestsanering","url":"https:\/\/tryggtillsynisverige.se\/","logo":{"@type":"ImageObject","inLanguage":"en-GB","@id":"https:\/\/tryggtillsynisverige.se\/#\/schema\/logo\/image\/","url":"https:\/\/tryggtillsynisverige.se\/wp-content\/uploads\/2024\/05\/Logga-Trygg-Tillsyn-Svart.gif","contentUrl":"https:\/\/tryggtillsynisverige.se\/wp-content\/uploads\/2024\/05\/Logga-Trygg-Tillsyn-Svart.gif","width":501,"height":72,"caption":"Trygg Tillsyn i Sverige | Trygg arbetsmilj\u00f6 vid asbestsanering"},"image":{"@id":"https:\/\/tryggtillsynisverige.se\/#\/schema\/logo\/image\/"}}]}},"_links":{"self":[{"href":"https:\/\/tryggtillsynisverige.se\/en\/wp-json\/wp\/v2\/product\/184","targetHints":{"allow":["GET"]}}],"collection":[{"href":"https:\/\/tryggtillsynisverige.se\/en\/wp-json\/wp\/v2\/product"}],"about":[{"href":"https:\/\/tryggtillsynisverige.se\/en\/wp-json\/wp\/v2\/types\/product"}],"replies":[{"embeddable":true,"href":"https:\/\/tryggtillsynisverige.se\/en\/wp-json\/wp\/v2\/comments?post=184"}],"wp:featuredmedia":[{"embeddable":true,"href":"https:\/\/tryggtillsynisverige.se\/en\/wp-json\/wp\/v2\/media\/1722"}],"wp:attachment":[{"href":"https:\/\/tryggtillsynisverige.se\/en\/wp-json\/wp\/v2\/media?parent=184"}],"wp:term":[{"taxonomy":"product_brand","embeddable":true,"href":"https:\/\/tryggtillsynisverige.se\/en\/wp-json\/wp\/v2\/product_brand?post=184"},{"taxonomy":"product_cat","embeddable":true,"href":"https:\/\/tryggtillsynisverige.se\/en\/wp-json\/wp\/v2\/product_cat?post=184"},{"taxonomy":"product_tag","embeddable":true,"href":"https:\/\/tryggtillsynisverige.se\/en\/wp-json\/wp\/v2\/product_tag?post=184"}],"curies":[{"name":"wp","href":"https:\/\/api.w.org\/{rel}","templated":true}]}}