{"id":957,"date":"2024-05-28T08:47:00","date_gmt":"2024-05-28T08:47:00","guid":{"rendered":"https:\/\/tryggtillsynisverige.se\/?page_id=957"},"modified":"2024-11-06T14:10:14","modified_gmt":"2024-11-06T14:10:14","slug":"policy-kopvillkor","status":"publish","type":"page","link":"https:\/\/tryggtillsynisverige.se\/en\/policy-kopvillkor\/","title":{"rendered":"Policy &amp; K\u00f6pvillkor"},"content":{"rendered":"<div data-elementor-type=\"wp-page\" data-elementor-id=\"957\" class=\"elementor elementor-957\" data-elementor-post-type=\"page\">\n\t\t\t\t<div class=\"elementor-element elementor-element-fc4174b e-con-full e-flex e-con e-child\" data-id=\"fc4174b\" data-element_type=\"container\" data-e-type=\"container\">\n\t\t<div class=\"elementor-element elementor-element-4553bb6 e-con-full e-flex e-con e-child\" data-id=\"4553bb6\" data-element_type=\"container\" data-e-type=\"container\">\n\t\t\t\t<div class=\"elementor-element elementor-element-4f6b65e elementor-widget elementor-widget-text-editor\" data-id=\"4f6b65e\" data-element_type=\"widget\" data-e-type=\"widget\" data-widget_type=\"text-editor.default\">\n\t\t\t\t\t\t\t\t\t<p><strong>K\u00d6P PROVTAGNINGSKIT<\/strong><\/p>\t\t\t\t\t\t\t\t<\/div>\n\t\t\t\t<\/div>\n\t\t<div class=\"elementor-element elementor-element-e6dfd5d e-con-full e-flex e-con e-child\" data-id=\"e6dfd5d\" data-element_type=\"container\" data-e-type=\"container\">\n\t\t\t\t<div class=\"elementor-element elementor-element-3bf0532 elementor-widget elementor-widget-text-editor\" data-id=\"3bf0532\" data-element_type=\"widget\" data-e-type=\"widget\" data-widget_type=\"text-editor.default\">\n\t\t\t\t\t\t\t\t\t<p><strong>INFORMATION OM ASBEST<\/strong><\/p>\t\t\t\t\t\t\t\t<\/div>\n\t\t\t\t<\/div>\n\t\t<div class=\"elementor-element elementor-element-86c742b e-con-full e-flex e-con e-child\" data-id=\"86c742b\" data-element_type=\"container\" data-e-type=\"container\">\n\t\t\t\t<div class=\"elementor-element elementor-element-bbd5300 elementor-widget elementor-widget-text-editor\" data-id=\"bbd5300\" data-element_type=\"widget\" data-e-type=\"widget\" data-widget_type=\"text-editor.default\">\n\t\t\t\t\t\t\t\t\t<p><strong>INFORMATION OM M\u00d6GEL<\/strong><\/p>\t\t\t\t\t\t\t\t<\/div>\n\t\t\t\t<\/div>\n\t\t<div class=\"elementor-element elementor-element-7272189 e-con-full e-flex e-con e-child\" data-id=\"7272189\" data-element_type=\"container\" data-e-type=\"container\">\n\t\t\t\t<div class=\"elementor-element elementor-element-3a4d93e elementor-widget elementor-widget-text-editor\" data-id=\"3a4d93e\" data-element_type=\"widget\" data-e-type=\"widget\" data-widget_type=\"text-editor.default\">\n\t\t\t\t\t\t\t\t\t<p><strong>NYHETER<\/strong><\/p>\t\t\t\t\t\t\t\t<\/div>\n\t\t\t\t<\/div>\n\t\t<div class=\"elementor-element elementor-element-54246c3 e-con-full e-flex e-con e-child\" data-id=\"54246c3\" data-element_type=\"container\" data-e-type=\"container\">\n\t\t\t\t<div class=\"elementor-element elementor-element-66c0261 elementor-view-stacked elementor-shape-square elementor-widget__width-initial elementor-position-block-start elementor-mobile-position-block-start elementor-invisible elementor-widget elementor-widget-icon-box\" data-id=\"66c0261\" data-element_type=\"widget\" data-e-type=\"widget\" data-settings=\"{&quot;_animation&quot;:&quot;fadeIn&quot;,&quot;_animation_delay&quot;:200}\" data-widget_type=\"icon-box.default\">\n\t\t\t\t\t\t\t<div class=\"elementor-icon-box-wrapper\">\n\n\t\t\t\t\t\t<div class=\"elementor-icon-box-icon\">\n\t\t\t\t<a href=\"https:\/\/tryggtillsynisverige.se\/en\/butik\/\" class=\"elementor-icon elementor-animation-shrink\" tabindex=\"-1\">\n\t\t\t\t<svg aria-hidden=\"true\" class=\"e-font-icon-svg e-fas-shopping-basket\" viewbox=\"0 0 576 512\" xmlns=\"http:\/\/www.w3.org\/2000\/svg\"><path d=\"M576 216v16c0 13.255-10.745 24-24 24h-8l-26.113 182.788C514.509 462.435 494.257 480 470.37 480H105.63c-23.887 0-44.139-17.565-47.518-41.212L32 256h-8c-13.255 0-24-10.745-24-24v-16c0-13.255 10.745-24 24-24h67.341l106.78-146.821c10.395-14.292 30.407-17.453 44.701-7.058 14.293 10.395 17.453 30.408 7.058 44.701L170.477 192h235.046L326.12 82.821c-10.395-14.292-7.234-34.306 7.059-44.701 14.291-10.395 34.306-7.235 44.701 7.058L484.659 192H552c13.255 0 24 10.745 24 24zM312 392V280c0-13.255-10.745-24-24-24s-24 10.745-24 24v112c0 13.255 10.745 24 24 24s24-10.745 24-24zm112 0V280c0-13.255-10.745-24-24-24s-24 10.745-24 24v112c0 13.255 10.745 24 24 24s24-10.745 24-24zm-224 0V280c0-13.255-10.745-24-24-24s-24 10.745-24 24v112c0 13.255 10.745 24 24 24s24-10.745 24-24z\"><\/path><\/svg>\t\t\t\t<\/a>\n\t\t\t<\/div>\n\t\t\t\n\t\t\t\n\t\t<\/div>\n\t\t\t\t\t\t<\/div>\n\t\t\t\t<\/div>\n\t\t<div class=\"elementor-element elementor-element-72acaa8 e-con-full e-flex e-con e-child\" data-id=\"72acaa8\" data-element_type=\"container\" data-e-type=\"container\">\n\t\t\t\t<div class=\"elementor-element elementor-element-1223ea0 elementor-view-stacked elementor-shape-square elementor-widget__width-initial elementor-position-block-start elementor-mobile-position-block-start elementor-invisible elementor-widget elementor-widget-icon-box\" data-id=\"1223ea0\" data-element_type=\"widget\" data-e-type=\"widget\" data-settings=\"{&quot;_animation&quot;:&quot;fadeIn&quot;}\" data-widget_type=\"icon-box.default\">\n\t\t\t\t\t\t\t<div class=\"elementor-icon-box-wrapper\">\n\n\t\t\t\t\t\t<div class=\"elementor-icon-box-icon\">\n\t\t\t\t<a href=\"https:\/\/tryggtillsynisverige.se\/en\/asbest-information\/\" class=\"elementor-icon elementor-animation-shrink\" tabindex=\"-1\">\n\t\t\t\t<svg aria-hidden=\"true\" class=\"e-font-icon-svg e-fas-leaf\" viewbox=\"0 0 576 512\" xmlns=\"http:\/\/www.w3.org\/2000\/svg\"><path d=\"M546.2 9.7c-5.6-12.5-21.6-13-28.3-1.2C486.9 62.4 431.4 96 368 96h-80C182 96 96 182 96 288c0 7 .8 13.7 1.5 20.5C161.3 262.8 253.4 224 384 224c8.8 0 16 7.2 16 16s-7.2 16-16 16C132.6 256 26 410.1 2.4 468c-6.6 16.3 1.2 34.9 17.5 41.6 16.4 6.8 35-1.1 41.8-17.3 1.5-3.6 20.9-47.9 71.9-90.6 32.4 43.9 94 85.8 174.9 77.2C465.5 467.5 576 326.7 576 154.3c0-50.2-10.8-102.2-29.8-144.6z\"><\/path><\/svg>\t\t\t\t<\/a>\n\t\t\t<\/div>\n\t\t\t\n\t\t\t\n\t\t<\/div>\n\t\t\t\t\t\t<\/div>\n\t\t\t\t<\/div>\n\t\t<div class=\"elementor-element elementor-element-fac3eb3 e-con-full e-flex e-con e-child\" data-id=\"fac3eb3\" data-element_type=\"container\" data-e-type=\"container\">\n\t\t\t\t<div class=\"elementor-element elementor-element-9753e2f elementor-view-stacked elementor-shape-square elementor-widget__width-initial elementor-position-block-start elementor-mobile-position-block-start elementor-invisible elementor-widget elementor-widget-icon-box\" data-id=\"9753e2f\" data-element_type=\"widget\" data-e-type=\"widget\" data-settings=\"{&quot;_animation&quot;:&quot;fadeIn&quot;,&quot;_animation_delay&quot;:400}\" data-widget_type=\"icon-box.default\">\n\t\t\t\t\t\t\t<div class=\"elementor-icon-box-wrapper\">\n\n\t\t\t\t\t\t<div class=\"elementor-icon-box-icon\">\n\t\t\t\t<a href=\"https:\/\/tryggtillsynisverige.se\/en\/mogel-information\/\" class=\"elementor-icon elementor-animation-shrink\" tabindex=\"-1\">\n\t\t\t\t<svg aria-hidden=\"true\" class=\"e-font-icon-svg e-fas-flask\" viewbox=\"0 0 448 512\" xmlns=\"http:\/\/www.w3.org\/2000\/svg\"><path d=\"M437.2 403.5L320 215V64h8c13.3 0 24-10.7 24-24V24c0-13.3-10.7-24-24-24H120c-13.3 0-24 10.7-24 24v16c0 13.3 10.7 24 24 24h8v151L10.8 403.5C-18.5 450.6 15.3 512 70.9 512h306.2c55.7 0 89.4-61.5 60.1-108.5zM137.9 320l48.2-77.6c3.7-5.2 5.8-11.6 5.8-18.4V64h64v160c0 6.9 2.2 13.2 5.8 18.4l48.2 77.6h-172z\"><\/path><\/svg>\t\t\t\t<\/a>\n\t\t\t<\/div>\n\t\t\t\n\t\t\t\n\t\t<\/div>\n\t\t\t\t\t\t<\/div>\n\t\t\t\t<\/div>\n\t\t<div class=\"elementor-element elementor-element-2ef4868 e-con-full e-flex e-con e-child\" data-id=\"2ef4868\" data-element_type=\"container\" data-e-type=\"container\">\n\t\t\t\t<div class=\"elementor-element elementor-element-a462ee3 elementor-view-stacked elementor-shape-square elementor-widget__width-initial elementor-position-block-start elementor-mobile-position-block-start elementor-invisible elementor-widget elementor-widget-icon-box\" data-id=\"a462ee3\" data-element_type=\"widget\" data-e-type=\"widget\" data-settings=\"{&quot;_animation&quot;:&quot;fadeIn&quot;,&quot;_animation_delay&quot;:600}\" data-widget_type=\"icon-box.default\">\n\t\t\t\t\t\t\t<div class=\"elementor-icon-box-wrapper\">\n\n\t\t\t\t\t\t<div class=\"elementor-icon-box-icon\">\n\t\t\t\t<a href=\"https:\/\/tryggtillsynisverige.se\/en\/artiklar-nyheter\/\" class=\"elementor-icon elementor-animation-shrink\" tabindex=\"-1\">\n\t\t\t\t\t\t\t\t<\/a>\n\t\t\t<\/div>\n\t\t\t\n\t\t\t\n\t\t<\/div>\n\t\t\t\t\t\t<\/div>\n\t\t\t\t<\/div>\n\t\t\t\t<\/div>\n\t\t<div class=\"elementor-element elementor-element-1b1526f e-con-full e-flex e-con e-parent\" data-id=\"1b1526f\" data-element_type=\"container\" data-e-type=\"container\">\n\t\t\t\t<\/div>\n\t\t<div class=\"elementor-element elementor-element-642a8a6c e-flex e-con-boxed e-con e-parent\" data-id=\"642a8a6c\" data-element_type=\"container\" data-e-type=\"container\" data-settings=\"{&quot;background_background&quot;:&quot;classic&quot;}\">\n\t\t\t\t\t<div class=\"e-con-inner\">\n\t\t<div class=\"elementor-element elementor-element-2151fcd e-con-full e-flex e-con e-child\" data-id=\"2151fcd\" data-element_type=\"container\" data-e-type=\"container\">\n\t\t\t\t<div class=\"elementor-element elementor-element-7a4a02c elementor-widget elementor-widget-heading\" data-id=\"7a4a02c\" data-element_type=\"widget\" data-e-type=\"widget\" data-widget_type=\"heading.default\">\n\t\t\t\t\t<h1 class=\"elementor-heading-title elementor-size-default\">K\u00f6pvillkor<\/h1>\t\t\t\t<\/div>\n\t\t\t\t<\/div>\n\t\t\t\t<div class=\"elementor-element elementor-element-4d63c0dd elementor-widget elementor-widget-text-editor\" data-id=\"4d63c0dd\" data-element_type=\"widget\" data-e-type=\"widget\" data-widget_type=\"text-editor.default\">\n\t\t\t\t\t\t\t\t\t<h4>Allm\u00e4nt<\/h4>\n<p>Dessa allm\u00e4nna k\u00f6pevillkor g\u00e4ller mellan dig som kund och Trygg Tillsyn I Sverige AB n\u00e4r du handlar varor fr\u00e5n v\u00e5r webbshop. Genom att genomf\u00f6ra ett k\u00f6p godk\u00e4nner du dessa villkor. Vi f\u00f6rbeh\u00e5ller oss r\u00e4tten att \u00e4ndra dessa villkor utan f\u00f6rvarning.<\/p>\n<h4>Best\u00e4llning<\/h4>\n<p>F\u00f6r att handla hos oss m\u00e5ste du vara \u00f6ver 18 \u00e5r eller ha m\u00e5lsmans godk\u00e4nnande. N\u00e4r du har lagt din best\u00e4llning skickar vi en bekr\u00e4ftelse till den e-postadress du angivit. Kontrollera bekr\u00e4ftelsen och kontakta oss om n\u00e5got \u00e4r felaktigt.<\/p>\n<h4>Priser &amp; Betalning<\/h4>\n<p>Alla priser \u00e4r angivna i svenska kronor (SEK) inklusive moms.<br>Vi erbjuder flera betalningsalternativ. Betalningen dras n\u00e4r best\u00e4llningen har bekr\u00e4ftats.<\/p>\n<h4>Frakt &amp; Leverans<\/h4>\n<p>Vi str\u00e4var efter att behandla och skicka din best\u00e4llning s\u00e5 snart som m\u00f6jligt. Normal leveranstid \u00e4r 3-5 arbetsdagar inom Sverige. Fraktkostnaden ber\u00e4knas och visas i kassan innan du slutf\u00f6r ditt k\u00f6p.<br>Vi ansvarar inte f\u00f6r eventuella f\u00f6rseningar som beror p\u00e5 transport\u00f6ren.<\/p>\n<h4>\u00c5ngerr\u00e4tt &amp; Returer<\/h4>\n<p>Du har r\u00e4tt att \u00e5ngra ditt k\u00f6p inom 30 dagar fr\u00e5n det att du mottagit varan.<br>Varan ska returneras i oanv\u00e4nt skick och i originalf\u00f6rpackning.<br>F\u00f6r att returnera en vara, kontakta v\u00e5r kundservice p\u00e5 info@ttis.se f\u00f6r att f\u00e5 en returetikett och instruktioner. Vid godk\u00e4nd retur \u00e5terbetalas hela beloppet inklusive ursprunglig fraktkostnad inom 14 dagar fr\u00e5n att vi mottagit varan.<br>Returkostnaden st\u00e5r kunden f\u00f6r.<\/p>\n<h4>Reklamationer<\/h4>\n<p>Om en vara \u00e4r defekt eller felaktig, v\u00e4nligen kontakta v\u00e5r kundservice inom 7 dagar fr\u00e5n mottagandet.<br>Vi kommer att erbjuda en ers\u00e4ttningsvara eller \u00e5terbetalning, inklusive fraktkostnader.<br>Reklamationer behandlas i enlighet med konsumentk\u00f6plagen.<\/p>\n<h4>Ansvarsbegr\u00e4nsning<\/h4>\n<p>Trygg Tillsyn I Sverige AB ansvarar inte f\u00f6r indirekta skador som kan uppst\u00e5 p\u00e5 grund av produkten.<br>Vi ansvarar inte heller f\u00f6r f\u00f6rseningar eller fel som beror p\u00e5 omst\u00e4ndigheter utanf\u00f6r v\u00e5r kontroll.<\/p>\n<h4>Tvistl\u00f6sning<\/h4>\n<p>Vid tvist som vi inte kan l\u00f6sa tillsammans, rekommenderar vi att du kontaktar Allm\u00e4nna reklamationsn\u00e4mnden (ARN).<br>Vi f\u00f6ljer deras beslut. Tvister kan ocks\u00e5 pr\u00f6vas av allm\u00e4n domstol.<\/p>\n<h4>\u00d6vrigt<\/h4>\n<p>Dessa villkor regleras av svensk lag. Eventuella \u00e4ndringar av dessa villkor kommer att publiceras p\u00e5 v\u00e5r webbplats. Genom att genomf\u00f6ra ett k\u00f6p godk\u00e4nner du dessa villkor i deras helhet.<\/p>\n<h4><span style=\"text-decoration: underline;\">Integritetspolicy<\/span><\/h4>\n<p>Din integritet \u00e4r viktig f\u00f6r oss p\u00e5 Trygg Tillsyn I Sverige AB.<br>Denna integritetspolicy f\u00f6rklarar hur vi samlar in, anv\u00e4nder, och skyddar dina personuppgifter n\u00e4r du bes\u00f6ker v\u00e5r webbsida och g\u00f6r k\u00f6p hos oss. Genom att anv\u00e4nda v\u00e5r webbplats godk\u00e4nner du denna policy.<\/p>\n<h4>Insamling av Personuppgifter<\/h4>\n<p>Vi samlar in personuppgifter n\u00e4r du:<\/p>\n<ul>\n<li>Bes\u00f6ker v\u00e5r webbplats<\/li>\n<li>Skapar ett konto<\/li>\n<li>G\u00f6r en best\u00e4llning<\/li>\n<li>Prenumererar p\u00e5 v\u00e5rt nyhetsbrev<\/li>\n<li>Kontaktar v\u00e5r kundservice<\/li>\n<\/ul>\n<p>De personuppgifter vi samlar in kan inkludera:<\/p>\n<ul>\n<li>Namn<\/li>\n<li>Adress<\/li>\n<li>E-postadress<\/li>\n<li>Telefonnummer<\/li>\n<li>Betalningsinformation<\/li>\n<li>IP-adress<\/li>\n<\/ul>\n<h4>Anv\u00e4ndning av Personuppgifter<\/h4>\n<p>Vi anv\u00e4nder dina personuppgifter f\u00f6r att:<\/p>\n<ul>\n<li>Bearbeta och leverera dina best\u00e4llningar<\/li>\n<li>Hantera ditt konto<\/li>\n<li>Skicka uppdateringar om din best\u00e4llning<\/li>\n<li>Skicka nyhetsbrev och erbjudanden (med ditt samtycke)<\/li>\n<li>F\u00f6rb\u00e4ttra v\u00e5r webbplats och kundservice<\/li>\n<\/ul>\n<h4>Delning av Personuppgifter<\/h4>\n<p>Vi delar inte dina personuppgifter med tredje part utanf\u00f6r Trygg Tillsyn I Sverige AB f\u00f6rutom i f\u00f6ljande fall:<\/p>\n<ul>\n<li>F\u00f6r att uppfylla lagliga krav eller svara p\u00e5 juridiska processer<\/li>\n<li>Med tj\u00e4nsteleverant\u00f6rer som hj\u00e4lper oss att driva v\u00e5r verksamhet, s\u00e5som betalningsf\u00f6rmedlare och fraktbolag<\/li>\n<\/ul>\n<h4>Lagring av Personuppgifter<\/h4>\n<p>Vi lagrar dina personuppgifter s\u00e5 l\u00e4nge som det \u00e4r n\u00f6dv\u00e4ndigt f\u00f6r att uppfylla de syften som anges i denna policy, eller s\u00e5 l\u00e4nge som det kr\u00e4vs enligt lag. N\u00e4r dina uppgifter inte l\u00e4ngre beh\u00f6vs kommer vi att radera eller anonymisera dem.<\/p>\n<h4>Dina R\u00e4ttigheter<\/h4>\n<p>Du har r\u00e4tt att:<\/p>\n<ul>\n<li>F\u00e5 tillg\u00e5ng till de personuppgifter vi har om dig<\/li>\n<li>Beg\u00e4ra r\u00e4ttelse av felaktiga uppgifter<\/li>\n<li>Beg\u00e4ra radering av dina personuppgifter (med vissa undantag)<\/li>\n<li>Inv\u00e4nda mot behandling av dina personuppgifter<\/li>\n<li>Beg\u00e4ra begr\u00e4nsning av behandlingen av dina personuppgifter<\/li>\n<li>F\u00e5 ut de personuppgifter vi har om dig i ett strukturerat, vanligt f\u00f6rekommande och maskinl\u00e4sbart format<\/li>\n<\/ul>\n<p>F\u00f6r att ut\u00f6va dessa r\u00e4ttigheter, v\u00e4nligen kontakta oss.<\/p>\n<h4>\u00c4ndringar i Integritetspolicyn<\/h4>\n<p>Vi f\u00f6rbeh\u00e5ller oss r\u00e4tten att \u00e4ndra denna integritetspolicy n\u00e4r som helst. \u00c4ndringar kommer att publiceras p\u00e5 denna sida och tr\u00e4der i kraft omedelbart. Vi uppmuntrar dig att regelbundet granska denna policy f\u00f6r att h\u00e5lla dig informerad om hur vi skyddar dina personuppgifter.<\/p>\n<h4>Kontakt<\/h4>\n<p>Om du har n\u00e5gra fr\u00e5gor om denna integritetspolicy eller hur vi hanterar dina personuppgifter, v\u00e4nligen kontakta oss:<\/p>\n<ul>\n<li>E-post: <a target=\"_new\" rel=\"noreferrer\">info@ttis.se<\/a><\/li>\n<li>Telefon: +46 70 955 05 22\n<p>&#8230;&#8230;<\/p>\n<\/li>\n<\/ul>\t\t\t\t\t\t\t\t<\/div>\n\t\t\t\t\t<\/div>\n\t\t\t\t<\/div>\n\t\t\t\t<\/div>","protected":false},"excerpt":{"rendered":"<p>K\u00d6P PROVTAGNINGSKIT INFORMATION OM ASBEST INFORMATION OM M\u00d6GEL NYHETER K\u00f6pvillkor Allm\u00e4nt Dessa allm\u00e4nna k\u00f6pevillkor g\u00e4ller mellan dig som kund och Trygg Tillsyn I Sverige AB n\u00e4r du handlar varor fr\u00e5n v\u00e5r webbshop. Genom att genomf\u00f6ra ett k\u00f6p godk\u00e4nner du dessa villkor. Vi f\u00f6rbeh\u00e5ller oss r\u00e4tten att \u00e4ndra dessa villkor utan f\u00f6rvarning. Best\u00e4llning F\u00f6r att handla [&hellip;]<\/p>\n","protected":false},"author":3,"featured_media":0,"parent":0,"menu_order":0,"comment_status":"closed","ping_status":"closed","template":"elementor_header_footer","meta":{"footnotes":""},"class_list":["post-957","page","type-page","status-publish","hentry"],"yoast_head":"<!-- This site is optimized with the Yoast SEO plugin v27.5 - https:\/\/yoast.com\/product\/yoast-seo-wordpress\/ -->\n<title>Policy &amp; K\u00f6pvillkor - Trygg Tillsyn i Sverige | Trygg arbetsmilj\u00f6 vid asbestsanering<\/title>\n<meta name=\"robots\" content=\"index, follow, max-snippet:-1, max-image-preview:large, max-video-preview:-1\" \/>\n<link rel=\"canonical\" href=\"https:\/\/tryggtillsynisverige.se\/en\/policy-kopvillkor\/\" \/>\n<meta property=\"og:locale\" content=\"en_GB\" \/>\n<meta property=\"og:type\" content=\"article\" \/>\n<meta property=\"og:title\" content=\"Policy &amp; K\u00f6pvillkor - Trygg Tillsyn i Sverige | Trygg arbetsmilj\u00f6 vid asbestsanering\" \/>\n<meta property=\"og:description\" content=\"K\u00d6P PROVTAGNINGSKIT INFORMATION OM ASBEST INFORMATION OM M\u00d6GEL NYHETER K\u00f6pvillkor Allm\u00e4nt Dessa allm\u00e4nna k\u00f6pevillkor g\u00e4ller mellan dig som kund och Trygg Tillsyn I Sverige AB n\u00e4r du handlar varor fr\u00e5n v\u00e5r webbshop. Genom att genomf\u00f6ra ett k\u00f6p godk\u00e4nner du dessa villkor. Vi f\u00f6rbeh\u00e5ller oss r\u00e4tten att \u00e4ndra dessa villkor utan f\u00f6rvarning. Best\u00e4llning F\u00f6r att handla [&hellip;]\" \/>\n<meta property=\"og:url\" content=\"https:\/\/tryggtillsynisverige.se\/en\/policy-kopvillkor\/\" \/>\n<meta property=\"og:site_name\" content=\"Trygg Tillsyn i Sverige | Trygg arbetsmilj\u00f6 vid asbestsanering\" \/>\n<meta property=\"article:modified_time\" content=\"2024-11-06T14:10:14+00:00\" \/>\n<meta name=\"twitter:card\" content=\"summary_large_image\" \/>\n<meta name=\"twitter:label1\" content=\"Estimated reading time\" \/>\n\t<meta name=\"twitter:data1\" content=\"4 minutes\" \/>\n<script type=\"application\/ld+json\" class=\"yoast-schema-graph\">{\"@context\":\"https:\\\/\\\/schema.org\",\"@graph\":[{\"@type\":\"WebPage\",\"@id\":\"https:\\\/\\\/tryggtillsynisverige.se\\\/en\\\/policy-kopvillkor\\\/\",\"url\":\"https:\\\/\\\/tryggtillsynisverige.se\\\/en\\\/policy-kopvillkor\\\/\",\"name\":\"Policy &amp; K\u00f6pvillkor - Trygg Tillsyn i Sverige | Trygg arbetsmilj\u00f6 vid asbestsanering\",\"isPartOf\":{\"@id\":\"https:\\\/\\\/tryggtillsynisverige.se\\\/#website\"},\"datePublished\":\"2024-05-28T08:47:00+00:00\",\"dateModified\":\"2024-11-06T14:10:14+00:00\",\"breadcrumb\":{\"@id\":\"https:\\\/\\\/tryggtillsynisverige.se\\\/en\\\/policy-kopvillkor\\\/#breadcrumb\"},\"inLanguage\":\"en-GB\",\"potentialAction\":[{\"@type\":\"ReadAction\",\"target\":[\"https:\\\/\\\/tryggtillsynisverige.se\\\/en\\\/policy-kopvillkor\\\/\"]}]},{\"@type\":\"BreadcrumbList\",\"@id\":\"https:\\\/\\\/tryggtillsynisverige.se\\\/en\\\/policy-kopvillkor\\\/#breadcrumb\",\"itemListElement\":[{\"@type\":\"ListItem\",\"position\":1,\"name\":\"Home\",\"item\":\"https:\\\/\\\/tryggtillsynisverige.se\\\/\"},{\"@type\":\"ListItem\",\"position\":2,\"name\":\"Policy &amp; K\u00f6pvillkor\"}]},{\"@type\":\"WebSite\",\"@id\":\"https:\\\/\\\/tryggtillsynisverige.se\\\/#website\",\"url\":\"https:\\\/\\\/tryggtillsynisverige.se\\\/\",\"name\":\"Trygg Tillsyn i Sverige | Trygg arbetsmilj\u00f6 vid asbestsanering\",\"description\":\"Experter p\u00e5 asbestsanering \u2013 F\u00f6r en s\u00e4ker arbetsmilj\u00f6\",\"publisher\":{\"@id\":\"https:\\\/\\\/tryggtillsynisverige.se\\\/#organization\"},\"potentialAction\":[{\"@type\":\"SearchAction\",\"target\":{\"@type\":\"EntryPoint\",\"urlTemplate\":\"https:\\\/\\\/tryggtillsynisverige.se\\\/?s={search_term_string}\"},\"query-input\":{\"@type\":\"PropertyValueSpecification\",\"valueRequired\":true,\"valueName\":\"search_term_string\"}}],\"inLanguage\":\"en-GB\"},{\"@type\":\"Organization\",\"@id\":\"https:\\\/\\\/tryggtillsynisverige.se\\\/#organization\",\"name\":\"Trygg Tillsyn i Sverige | Trygg arbetsmilj\u00f6 vid asbestsanering\",\"url\":\"https:\\\/\\\/tryggtillsynisverige.se\\\/\",\"logo\":{\"@type\":\"ImageObject\",\"inLanguage\":\"en-GB\",\"@id\":\"https:\\\/\\\/tryggtillsynisverige.se\\\/#\\\/schema\\\/logo\\\/image\\\/\",\"url\":\"https:\\\/\\\/tryggtillsynisverige.se\\\/wp-content\\\/uploads\\\/2024\\\/05\\\/Logga-Trygg-Tillsyn-Svart.gif\",\"contentUrl\":\"https:\\\/\\\/tryggtillsynisverige.se\\\/wp-content\\\/uploads\\\/2024\\\/05\\\/Logga-Trygg-Tillsyn-Svart.gif\",\"width\":501,\"height\":72,\"caption\":\"Trygg Tillsyn i Sverige | Trygg arbetsmilj\u00f6 vid asbestsanering\"},\"image\":{\"@id\":\"https:\\\/\\\/tryggtillsynisverige.se\\\/#\\\/schema\\\/logo\\\/image\\\/\"}}]}<\/script>\n<!-- \/ Yoast SEO plugin. -->","yoast_head_json":{"title":"Policy &amp; K\u00f6pvillkor - Trygg Tillsyn i Sverige | Trygg arbetsmilj\u00f6 vid asbestsanering","robots":{"index":"index","follow":"follow","max-snippet":"max-snippet:-1","max-image-preview":"max-image-preview:large","max-video-preview":"max-video-preview:-1"},"canonical":"https:\/\/tryggtillsynisverige.se\/en\/policy-kopvillkor\/","og_locale":"en_GB","og_type":"article","og_title":"Policy &amp; K\u00f6pvillkor - Trygg Tillsyn i Sverige | Trygg arbetsmilj\u00f6 vid asbestsanering","og_description":"K\u00d6P PROVTAGNINGSKIT INFORMATION OM ASBEST INFORMATION OM M\u00d6GEL NYHETER K\u00f6pvillkor Allm\u00e4nt Dessa allm\u00e4nna k\u00f6pevillkor g\u00e4ller mellan dig som kund och Trygg Tillsyn I Sverige AB n\u00e4r du handlar varor fr\u00e5n v\u00e5r webbshop. Genom att genomf\u00f6ra ett k\u00f6p godk\u00e4nner du dessa villkor. Vi f\u00f6rbeh\u00e5ller oss r\u00e4tten att \u00e4ndra dessa villkor utan f\u00f6rvarning. Best\u00e4llning F\u00f6r att handla [&hellip;]","og_url":"https:\/\/tryggtillsynisverige.se\/en\/policy-kopvillkor\/","og_site_name":"Trygg Tillsyn i Sverige | Trygg arbetsmilj\u00f6 vid asbestsanering","article_modified_time":"2024-11-06T14:10:14+00:00","twitter_card":"summary_large_image","twitter_misc":{"Estimated reading time":"4 minutes"},"schema":{"@context":"https:\/\/schema.org","@graph":[{"@type":"WebPage","@id":"https:\/\/tryggtillsynisverige.se\/en\/policy-kopvillkor\/","url":"https:\/\/tryggtillsynisverige.se\/en\/policy-kopvillkor\/","name":"Policy &amp; K\u00f6pvillkor - Trygg Tillsyn i Sverige | Trygg arbetsmilj\u00f6 vid asbestsanering","isPartOf":{"@id":"https:\/\/tryggtillsynisverige.se\/#website"},"datePublished":"2024-05-28T08:47:00+00:00","dateModified":"2024-11-06T14:10:14+00:00","breadcrumb":{"@id":"https:\/\/tryggtillsynisverige.se\/en\/policy-kopvillkor\/#breadcrumb"},"inLanguage":"en-GB","potentialAction":[{"@type":"ReadAction","target":["https:\/\/tryggtillsynisverige.se\/en\/policy-kopvillkor\/"]}]},{"@type":"BreadcrumbList","@id":"https:\/\/tryggtillsynisverige.se\/en\/policy-kopvillkor\/#breadcrumb","itemListElement":[{"@type":"ListItem","position":1,"name":"Home","item":"https:\/\/tryggtillsynisverige.se\/"},{"@type":"ListItem","position":2,"name":"Policy &amp; K\u00f6pvillkor"}]},{"@type":"WebSite","@id":"https:\/\/tryggtillsynisverige.se\/#website","url":"https:\/\/tryggtillsynisverige.se\/","name":"Trygg Tillsyn i Sverige | Trygg arbetsmilj\u00f6 vid asbestsanering","description":"Experter p\u00e5 asbestsanering \u2013 F\u00f6r en s\u00e4ker arbetsmilj\u00f6","publisher":{"@id":"https:\/\/tryggtillsynisverige.se\/#organization"},"potentialAction":[{"@type":"SearchAction","target":{"@type":"EntryPoint","urlTemplate":"https:\/\/tryggtillsynisverige.se\/?s={search_term_string}"},"query-input":{"@type":"PropertyValueSpecification","valueRequired":true,"valueName":"search_term_string"}}],"inLanguage":"en-GB"},{"@type":"Organization","@id":"https:\/\/tryggtillsynisverige.se\/#organization","name":"Trygg Tillsyn i Sverige | Trygg arbetsmilj\u00f6 vid asbestsanering","url":"https:\/\/tryggtillsynisverige.se\/","logo":{"@type":"ImageObject","inLanguage":"en-GB","@id":"https:\/\/tryggtillsynisverige.se\/#\/schema\/logo\/image\/","url":"https:\/\/tryggtillsynisverige.se\/wp-content\/uploads\/2024\/05\/Logga-Trygg-Tillsyn-Svart.gif","contentUrl":"https:\/\/tryggtillsynisverige.se\/wp-content\/uploads\/2024\/05\/Logga-Trygg-Tillsyn-Svart.gif","width":501,"height":72,"caption":"Trygg Tillsyn i Sverige | Trygg arbetsmilj\u00f6 vid asbestsanering"},"image":{"@id":"https:\/\/tryggtillsynisverige.se\/#\/schema\/logo\/image\/"}}]}},"_links":{"self":[{"href":"https:\/\/tryggtillsynisverige.se\/en\/wp-json\/wp\/v2\/pages\/957","targetHints":{"allow":["GET"]}}],"collection":[{"href":"https:\/\/tryggtillsynisverige.se\/en\/wp-json\/wp\/v2\/pages"}],"about":[{"href":"https:\/\/tryggtillsynisverige.se\/en\/wp-json\/wp\/v2\/types\/page"}],"author":[{"embeddable":true,"href":"https:\/\/tryggtillsynisverige.se\/en\/wp-json\/wp\/v2\/users\/3"}],"replies":[{"embeddable":true,"href":"https:\/\/tryggtillsynisverige.se\/en\/wp-json\/wp\/v2\/comments?post=957"}],"version-history":[{"count":13,"href":"https:\/\/tryggtillsynisverige.se\/en\/wp-json\/wp\/v2\/pages\/957\/revisions"}],"predecessor-version":[{"id":2807,"href":"https:\/\/tryggtillsynisverige.se\/en\/wp-json\/wp\/v2\/pages\/957\/revisions\/2807"}],"wp:attachment":[{"href":"https:\/\/tryggtillsynisverige.se\/en\/wp-json\/wp\/v2\/media?parent=957"}],"curies":[{"name":"wp","href":"https:\/\/api.w.org\/{rel}","templated":true}]}}