{"id":952,"date":"2024-05-28T08:43:22","date_gmt":"2024-05-28T08:43:22","guid":{"rendered":"https:\/\/tryggtillsynisverige.se\/?page_id=952"},"modified":"2024-11-06T14:02:32","modified_gmt":"2024-11-06T14:02:32","slug":"returer-aterbetalning","status":"publish","type":"page","link":"https:\/\/tryggtillsynisverige.se\/en\/returer-aterbetalning\/","title":{"rendered":"Returer &amp; \u00c5terbetalning"},"content":{"rendered":"<div data-elementor-type=\"wp-page\" data-elementor-id=\"952\" class=\"elementor elementor-952\" data-elementor-post-type=\"page\">\n\t\t\t\t<div class=\"elementor-element elementor-element-0a8d1d4 e-con-full e-flex e-con e-child\" data-id=\"0a8d1d4\" data-element_type=\"container\" data-e-type=\"container\">\n\t\t<div class=\"elementor-element elementor-element-c7d2a0b e-con-full e-flex e-con e-child\" data-id=\"c7d2a0b\" data-element_type=\"container\" data-e-type=\"container\">\n\t\t\t\t<div class=\"elementor-element elementor-element-4f54730 elementor-widget elementor-widget-text-editor\" data-id=\"4f54730\" data-element_type=\"widget\" data-e-type=\"widget\" data-widget_type=\"text-editor.default\">\n\t\t\t\t\t\t\t\t\t<p><strong>K\u00d6P PROVTAGNINGSKIT<\/strong><\/p>\t\t\t\t\t\t\t\t<\/div>\n\t\t\t\t<\/div>\n\t\t<div class=\"elementor-element elementor-element-0e93110 e-con-full e-flex e-con e-child\" data-id=\"0e93110\" data-element_type=\"container\" data-e-type=\"container\">\n\t\t\t\t<div class=\"elementor-element elementor-element-6119b44 elementor-widget elementor-widget-text-editor\" data-id=\"6119b44\" data-element_type=\"widget\" data-e-type=\"widget\" data-widget_type=\"text-editor.default\">\n\t\t\t\t\t\t\t\t\t<p><strong>INFORMATION OM ASBEST<\/strong><\/p>\t\t\t\t\t\t\t\t<\/div>\n\t\t\t\t<\/div>\n\t\t<div class=\"elementor-element elementor-element-500a307 e-con-full e-flex e-con e-child\" data-id=\"500a307\" data-element_type=\"container\" data-e-type=\"container\">\n\t\t\t\t<div class=\"elementor-element elementor-element-2a5b663 elementor-widget elementor-widget-text-editor\" data-id=\"2a5b663\" data-element_type=\"widget\" data-e-type=\"widget\" data-widget_type=\"text-editor.default\">\n\t\t\t\t\t\t\t\t\t<p><strong>INFORMATION OM M\u00d6GEL<\/strong><\/p>\t\t\t\t\t\t\t\t<\/div>\n\t\t\t\t<\/div>\n\t\t<div class=\"elementor-element elementor-element-e7a6853 e-con-full e-flex e-con e-child\" data-id=\"e7a6853\" data-element_type=\"container\" data-e-type=\"container\">\n\t\t\t\t<div class=\"elementor-element elementor-element-531ab33 elementor-widget elementor-widget-text-editor\" data-id=\"531ab33\" data-element_type=\"widget\" data-e-type=\"widget\" data-widget_type=\"text-editor.default\">\n\t\t\t\t\t\t\t\t\t<p><strong>NYHETER<\/strong><\/p>\t\t\t\t\t\t\t\t<\/div>\n\t\t\t\t<\/div>\n\t\t<div class=\"elementor-element elementor-element-68ccf1b e-con-full e-flex e-con e-child\" data-id=\"68ccf1b\" data-element_type=\"container\" data-e-type=\"container\">\n\t\t\t\t<div class=\"elementor-element elementor-element-9dee374 elementor-view-stacked elementor-shape-square elementor-widget__width-initial elementor-position-block-start elementor-mobile-position-block-start elementor-invisible elementor-widget elementor-widget-icon-box\" data-id=\"9dee374\" data-element_type=\"widget\" data-e-type=\"widget\" data-settings=\"{&quot;_animation&quot;:&quot;fadeIn&quot;,&quot;_animation_delay&quot;:200}\" data-widget_type=\"icon-box.default\">\n\t\t\t\t\t\t\t<div class=\"elementor-icon-box-wrapper\">\n\n\t\t\t\t\t\t<div class=\"elementor-icon-box-icon\">\n\t\t\t\t<a href=\"https:\/\/tryggtillsynisverige.se\/en\/butik\/\" class=\"elementor-icon elementor-animation-shrink\" tabindex=\"-1\">\n\t\t\t\t<svg aria-hidden=\"true\" class=\"e-font-icon-svg e-fas-shopping-basket\" viewbox=\"0 0 576 512\" xmlns=\"http:\/\/www.w3.org\/2000\/svg\"><path d=\"M576 216v16c0 13.255-10.745 24-24 24h-8l-26.113 182.788C514.509 462.435 494.257 480 470.37 480H105.63c-23.887 0-44.139-17.565-47.518-41.212L32 256h-8c-13.255 0-24-10.745-24-24v-16c0-13.255 10.745-24 24-24h67.341l106.78-146.821c10.395-14.292 30.407-17.453 44.701-7.058 14.293 10.395 17.453 30.408 7.058 44.701L170.477 192h235.046L326.12 82.821c-10.395-14.292-7.234-34.306 7.059-44.701 14.291-10.395 34.306-7.235 44.701 7.058L484.659 192H552c13.255 0 24 10.745 24 24zM312 392V280c0-13.255-10.745-24-24-24s-24 10.745-24 24v112c0 13.255 10.745 24 24 24s24-10.745 24-24zm112 0V280c0-13.255-10.745-24-24-24s-24 10.745-24 24v112c0 13.255 10.745 24 24 24s24-10.745 24-24zm-224 0V280c0-13.255-10.745-24-24-24s-24 10.745-24 24v112c0 13.255 10.745 24 24 24s24-10.745 24-24z\"><\/path><\/svg>\t\t\t\t<\/a>\n\t\t\t<\/div>\n\t\t\t\n\t\t\t\n\t\t<\/div>\n\t\t\t\t\t\t<\/div>\n\t\t\t\t<\/div>\n\t\t<div class=\"elementor-element elementor-element-100edfc e-con-full e-flex e-con e-child\" data-id=\"100edfc\" data-element_type=\"container\" data-e-type=\"container\">\n\t\t\t\t<div class=\"elementor-element elementor-element-dfbfa2a elementor-view-stacked elementor-shape-square elementor-widget__width-initial elementor-position-block-start elementor-mobile-position-block-start elementor-invisible elementor-widget elementor-widget-icon-box\" data-id=\"dfbfa2a\" data-element_type=\"widget\" data-e-type=\"widget\" data-settings=\"{&quot;_animation&quot;:&quot;fadeIn&quot;}\" data-widget_type=\"icon-box.default\">\n\t\t\t\t\t\t\t<div class=\"elementor-icon-box-wrapper\">\n\n\t\t\t\t\t\t<div class=\"elementor-icon-box-icon\">\n\t\t\t\t<a href=\"https:\/\/tryggtillsynisverige.se\/en\/asbest-information\/\" class=\"elementor-icon elementor-animation-shrink\" tabindex=\"-1\">\n\t\t\t\t<svg aria-hidden=\"true\" class=\"e-font-icon-svg e-fas-leaf\" viewbox=\"0 0 576 512\" xmlns=\"http:\/\/www.w3.org\/2000\/svg\"><path d=\"M546.2 9.7c-5.6-12.5-21.6-13-28.3-1.2C486.9 62.4 431.4 96 368 96h-80C182 96 96 182 96 288c0 7 .8 13.7 1.5 20.5C161.3 262.8 253.4 224 384 224c8.8 0 16 7.2 16 16s-7.2 16-16 16C132.6 256 26 410.1 2.4 468c-6.6 16.3 1.2 34.9 17.5 41.6 16.4 6.8 35-1.1 41.8-17.3 1.5-3.6 20.9-47.9 71.9-90.6 32.4 43.9 94 85.8 174.9 77.2C465.5 467.5 576 326.7 576 154.3c0-50.2-10.8-102.2-29.8-144.6z\"><\/path><\/svg>\t\t\t\t<\/a>\n\t\t\t<\/div>\n\t\t\t\n\t\t\t\n\t\t<\/div>\n\t\t\t\t\t\t<\/div>\n\t\t\t\t<\/div>\n\t\t<div class=\"elementor-element elementor-element-3aa121e e-con-full e-flex e-con e-child\" data-id=\"3aa121e\" data-element_type=\"container\" data-e-type=\"container\">\n\t\t\t\t<div class=\"elementor-element elementor-element-2b70d19 elementor-view-stacked elementor-shape-square elementor-widget__width-initial elementor-position-block-start elementor-mobile-position-block-start elementor-invisible elementor-widget elementor-widget-icon-box\" data-id=\"2b70d19\" data-element_type=\"widget\" data-e-type=\"widget\" data-settings=\"{&quot;_animation&quot;:&quot;fadeIn&quot;,&quot;_animation_delay&quot;:400}\" data-widget_type=\"icon-box.default\">\n\t\t\t\t\t\t\t<div class=\"elementor-icon-box-wrapper\">\n\n\t\t\t\t\t\t<div class=\"elementor-icon-box-icon\">\n\t\t\t\t<a href=\"https:\/\/tryggtillsynisverige.se\/en\/mogel-information\/\" class=\"elementor-icon elementor-animation-shrink\" tabindex=\"-1\">\n\t\t\t\t<svg aria-hidden=\"true\" class=\"e-font-icon-svg e-fas-flask\" viewbox=\"0 0 448 512\" xmlns=\"http:\/\/www.w3.org\/2000\/svg\"><path d=\"M437.2 403.5L320 215V64h8c13.3 0 24-10.7 24-24V24c0-13.3-10.7-24-24-24H120c-13.3 0-24 10.7-24 24v16c0 13.3 10.7 24 24 24h8v151L10.8 403.5C-18.5 450.6 15.3 512 70.9 512h306.2c55.7 0 89.4-61.5 60.1-108.5zM137.9 320l48.2-77.6c3.7-5.2 5.8-11.6 5.8-18.4V64h64v160c0 6.9 2.2 13.2 5.8 18.4l48.2 77.6h-172z\"><\/path><\/svg>\t\t\t\t<\/a>\n\t\t\t<\/div>\n\t\t\t\n\t\t\t\n\t\t<\/div>\n\t\t\t\t\t\t<\/div>\n\t\t\t\t<\/div>\n\t\t<div class=\"elementor-element elementor-element-45e05ca e-con-full e-flex e-con e-child\" data-id=\"45e05ca\" data-element_type=\"container\" data-e-type=\"container\">\n\t\t\t\t<div class=\"elementor-element elementor-element-16086ef elementor-view-stacked elementor-shape-square elementor-widget__width-initial elementor-position-block-start elementor-mobile-position-block-start elementor-invisible elementor-widget elementor-widget-icon-box\" data-id=\"16086ef\" data-element_type=\"widget\" data-e-type=\"widget\" data-settings=\"{&quot;_animation&quot;:&quot;fadeIn&quot;,&quot;_animation_delay&quot;:600}\" data-widget_type=\"icon-box.default\">\n\t\t\t\t\t\t\t<div class=\"elementor-icon-box-wrapper\">\n\n\t\t\t\t\t\t<div class=\"elementor-icon-box-icon\">\n\t\t\t\t<a href=\"https:\/\/tryggtillsynisverige.se\/en\/artiklar-nyheter\/\" class=\"elementor-icon elementor-animation-shrink\" tabindex=\"-1\">\n\t\t\t\t\t\t\t\t<\/a>\n\t\t\t<\/div>\n\t\t\t\n\t\t\t\n\t\t<\/div>\n\t\t\t\t\t\t<\/div>\n\t\t\t\t<\/div>\n\t\t\t\t<\/div>\n\t\t<div class=\"elementor-element elementor-element-8f908df e-con-full e-flex e-con e-parent\" data-id=\"8f908df\" data-element_type=\"container\" data-e-type=\"container\">\n\t\t\t\t<\/div>\n\t\t<div class=\"elementor-element elementor-element-642a8a6c e-flex e-con-boxed e-con e-parent\" data-id=\"642a8a6c\" data-element_type=\"container\" data-e-type=\"container\" data-settings=\"{&quot;background_background&quot;:&quot;classic&quot;}\">\n\t\t\t\t\t<div class=\"e-con-inner\">\n\t\t<div class=\"elementor-element elementor-element-dbe6777 e-con-full e-flex e-con e-child\" data-id=\"dbe6777\" data-element_type=\"container\" data-e-type=\"container\">\n\t\t\t\t<div class=\"elementor-element elementor-element-68d9c03 elementor-widget elementor-widget-heading\" data-id=\"68d9c03\" data-element_type=\"widget\" data-e-type=\"widget\" data-widget_type=\"heading.default\">\n\t\t\t\t\t<h1 class=\"elementor-heading-title elementor-size-default\">Returer &amp; \u00c5terbetalning<\/h1>\t\t\t\t<\/div>\n\t\t\t\t<\/div>\n\t\t\t\t<div class=\"elementor-element elementor-element-4d63c0dd elementor-widget elementor-widget-text-editor\" data-id=\"4d63c0dd\" data-element_type=\"widget\" data-e-type=\"widget\" data-widget_type=\"text-editor.default\">\n\t\t\t\t\t\t\t\t\t<h4>Returpolicy<\/h4><p>Vi vill att du ska vara helt n\u00f6jd med ditt k\u00f6p. Om du av n\u00e5gon anledning inte \u00e4r n\u00f6jd med din best\u00e4llning, kan du returnera produkten inom 30 dagar fr\u00e5n mottagandet f\u00f6r en full \u00e5terbetalning eller byte, f\u00f6rutsatt att f\u00f6ljande villkor \u00e4r uppfyllda:<\/p><ul><li>Produkten m\u00e5ste vara i sitt ursprungliga skick och i originalf\u00f6rpackningen.<\/li><li>Produkten f\u00e5r inte vara anv\u00e4nd, sliten eller skadad.<\/li><li>Alla etiketter och m\u00e4rkningar ska finnas kvar p\u00e5 produkten.<\/li><\/ul><h4><br \/>S\u00e5 h\u00e4r returnerar du en vara<\/h4><ol><li><strong>Kontakta v\u00e5r kundservice:<\/strong> F\u00f6r att initiera en retur, v\u00e4nligen kontakta v\u00e5r kundservice via e-post p\u00e5 info<a target=\"_new\" rel=\"noreferrer\">@ttis.se<\/a> eller ring <br \/>+46 70 955 05 22 f\u00f6r att f\u00e5 en returetikett och returformul\u00e4r.<\/li><li><strong>Fyll i returformul\u00e4ret:<\/strong> Fyll i returformul\u00e4ret med dina uppgifter och sk\u00e4let till returen.<\/li><li><strong>F\u00f6rpacka varan:<\/strong> Packa produkten noggrant tillsammans med returformul\u00e4ret i originalf\u00f6rpackningen eller annan l\u00e4mplig f\u00f6rpackning f\u00f6r att undvika skador under transporten.<\/li><li><strong>Anv\u00e4nd returetiketten:<\/strong> F\u00e4st returetiketten p\u00e5 paketet.<\/li><li><strong>Skicka returen:<\/strong> L\u00e4mna in paketet p\u00e5 n\u00e4rmaste postkontor eller utl\u00e4mningsst\u00e4lle. Spara kvittot som bevis p\u00e5 din retur.<\/li><\/ol><h4><br \/>\u00c5terbetalningar<\/h4><p>N\u00e4r vi har mottagit och inspekterat din retur kommer vi att behandla din \u00e5terbetalning. \u00c5terbetalningen g\u00f6rs till samma betalningsmetod som anv\u00e4ndes vid k\u00f6pet och kan ta upp till 14 dagar att bearbeta, beroende p\u00e5 din bank eller betaltj\u00e4nstleverant\u00f6r.<\/p><h4>Bytespolicy<\/h4><p>Om du \u00f6nskar byta en produkt, f\u00f6lj stegen ovan f\u00f6r att returnera den o\u00f6nskade produkten och g\u00f6r en ny best\u00e4llning p\u00e5 v\u00e5r webbplats f\u00f6r den produkt du \u00f6nskar ist\u00e4llet. Vi behandlar byten som separata transaktioner f\u00f6r att s\u00e4kerst\u00e4lla snabbast m\u00f6jliga service.\u00a0<\/p><h4>Ej godk\u00e4nda returer<\/h4><p>Returer som inte uppfyller ovanst\u00e5ende villkor kan tyv\u00e4rr inte accepteras. I s\u00e5dana fall kommer vi att kontakta dig f\u00f6r att diskutera alternativ.<\/p><h4>Fraktkostnader<\/h4><p>Kund bekostar fraktkostnader f\u00f6r returer.<\/p><h4>Skadade eller felaktiga varor<\/h4><p>Om du mottagit en skadad eller felaktig vara, v\u00e4nligen kontakta v\u00e5r kundservice inom 7 dagar fr\u00e5n mottagandet f\u00f6r att rapportera problemet. Vi skickar ut en ers\u00e4ttningsvara eller erbjuder en \u00e5terbetalning, inklusive fraktkostnader.<\/p><h4>Kontaktuppgifter<\/h4><p>F\u00f6r fr\u00e5gor eller mer information om v\u00e5r retur- och \u00e5terbetalningspolicy, v\u00e4nligen kontakta v\u00e5r kundservice:<\/p><ul><li>E-post: info<a target=\"_new\" rel=\"noreferrer\">@ttis.se<\/a><\/li><li>Telefon: +46 70 955 05 22<\/li><\/ul>\t\t\t\t\t\t\t\t<\/div>\n\t\t\t\t\t<\/div>\n\t\t\t\t<\/div>\n\t\t\t\t<\/div>","protected":false},"excerpt":{"rendered":"<p>K\u00d6P PROVTAGNINGSKIT INFORMATION OM ASBEST INFORMATION OM M\u00d6GEL NYHETER Returer &amp; \u00c5terbetalning Returpolicy Vi vill att du ska vara helt n\u00f6jd med ditt k\u00f6p. Om du av n\u00e5gon anledning inte \u00e4r n\u00f6jd med din best\u00e4llning, kan du returnera produkten inom 30 dagar fr\u00e5n mottagandet f\u00f6r en full \u00e5terbetalning eller byte, f\u00f6rutsatt att f\u00f6ljande villkor \u00e4r [&hellip;]<\/p>\n","protected":false},"author":3,"featured_media":0,"parent":0,"menu_order":0,"comment_status":"closed","ping_status":"closed","template":"elementor_header_footer","meta":{"footnotes":""},"class_list":["post-952","page","type-page","status-publish","hentry"],"yoast_head":"<!-- This site is optimized with the Yoast SEO plugin v27.5 - https:\/\/yoast.com\/product\/yoast-seo-wordpress\/ -->\n<title>Returer &amp; \u00c5terbetalning - Trygg Tillsyn i Sverige | Trygg arbetsmilj\u00f6 vid asbestsanering<\/title>\n<meta name=\"robots\" content=\"index, follow, max-snippet:-1, max-image-preview:large, max-video-preview:-1\" \/>\n<link rel=\"canonical\" href=\"https:\/\/tryggtillsynisverige.se\/en\/returer-aterbetalning\/\" \/>\n<meta property=\"og:locale\" content=\"en_GB\" \/>\n<meta property=\"og:type\" content=\"article\" \/>\n<meta property=\"og:title\" content=\"Returer &amp; \u00c5terbetalning - Trygg Tillsyn i Sverige | Trygg arbetsmilj\u00f6 vid asbestsanering\" \/>\n<meta property=\"og:description\" content=\"K\u00d6P PROVTAGNINGSKIT INFORMATION OM ASBEST INFORMATION OM M\u00d6GEL NYHETER Returer &amp; \u00c5terbetalning Returpolicy Vi vill att du ska vara helt n\u00f6jd med ditt k\u00f6p. Om du av n\u00e5gon anledning inte \u00e4r n\u00f6jd med din best\u00e4llning, kan du returnera produkten inom 30 dagar fr\u00e5n mottagandet f\u00f6r en full \u00e5terbetalning eller byte, f\u00f6rutsatt att f\u00f6ljande villkor \u00e4r [&hellip;]\" \/>\n<meta property=\"og:url\" content=\"https:\/\/tryggtillsynisverige.se\/en\/returer-aterbetalning\/\" \/>\n<meta property=\"og:site_name\" content=\"Trygg Tillsyn i Sverige | Trygg arbetsmilj\u00f6 vid asbestsanering\" \/>\n<meta property=\"article:modified_time\" content=\"2024-11-06T14:02:32+00:00\" \/>\n<meta name=\"twitter:card\" content=\"summary_large_image\" \/>\n<meta name=\"twitter:label1\" content=\"Estimated reading time\" \/>\n\t<meta name=\"twitter:data1\" content=\"2 minutes\" \/>\n<script type=\"application\/ld+json\" class=\"yoast-schema-graph\">{\"@context\":\"https:\\\/\\\/schema.org\",\"@graph\":[{\"@type\":\"WebPage\",\"@id\":\"https:\\\/\\\/tryggtillsynisverige.se\\\/returer-aterbetalning\\\/\",\"url\":\"https:\\\/\\\/tryggtillsynisverige.se\\\/returer-aterbetalning\\\/\",\"name\":\"Returer &amp; \u00c5terbetalning - Trygg Tillsyn i Sverige | Trygg arbetsmilj\u00f6 vid asbestsanering\",\"isPartOf\":{\"@id\":\"https:\\\/\\\/tryggtillsynisverige.se\\\/#website\"},\"datePublished\":\"2024-05-28T08:43:22+00:00\",\"dateModified\":\"2024-11-06T14:02:32+00:00\",\"breadcrumb\":{\"@id\":\"https:\\\/\\\/tryggtillsynisverige.se\\\/returer-aterbetalning\\\/#breadcrumb\"},\"inLanguage\":\"en-GB\",\"potentialAction\":[{\"@type\":\"ReadAction\",\"target\":[\"https:\\\/\\\/tryggtillsynisverige.se\\\/returer-aterbetalning\\\/\"]}]},{\"@type\":\"BreadcrumbList\",\"@id\":\"https:\\\/\\\/tryggtillsynisverige.se\\\/returer-aterbetalning\\\/#breadcrumb\",\"itemListElement\":[{\"@type\":\"ListItem\",\"position\":1,\"name\":\"Home\",\"item\":\"https:\\\/\\\/tryggtillsynisverige.se\\\/\"},{\"@type\":\"ListItem\",\"position\":2,\"name\":\"Returer &amp; \u00c5terbetalning\"}]},{\"@type\":\"WebSite\",\"@id\":\"https:\\\/\\\/tryggtillsynisverige.se\\\/#website\",\"url\":\"https:\\\/\\\/tryggtillsynisverige.se\\\/\",\"name\":\"Trygg Tillsyn i Sverige | Trygg arbetsmilj\u00f6 vid asbestsanering\",\"description\":\"Experter p\u00e5 asbestsanering \u2013 F\u00f6r en s\u00e4ker arbetsmilj\u00f6\",\"publisher\":{\"@id\":\"https:\\\/\\\/tryggtillsynisverige.se\\\/#organization\"},\"potentialAction\":[{\"@type\":\"SearchAction\",\"target\":{\"@type\":\"EntryPoint\",\"urlTemplate\":\"https:\\\/\\\/tryggtillsynisverige.se\\\/?s={search_term_string}\"},\"query-input\":{\"@type\":\"PropertyValueSpecification\",\"valueRequired\":true,\"valueName\":\"search_term_string\"}}],\"inLanguage\":\"en-GB\"},{\"@type\":\"Organization\",\"@id\":\"https:\\\/\\\/tryggtillsynisverige.se\\\/#organization\",\"name\":\"Trygg Tillsyn i Sverige | Trygg arbetsmilj\u00f6 vid asbestsanering\",\"url\":\"https:\\\/\\\/tryggtillsynisverige.se\\\/\",\"logo\":{\"@type\":\"ImageObject\",\"inLanguage\":\"en-GB\",\"@id\":\"https:\\\/\\\/tryggtillsynisverige.se\\\/#\\\/schema\\\/logo\\\/image\\\/\",\"url\":\"https:\\\/\\\/tryggtillsynisverige.se\\\/wp-content\\\/uploads\\\/2024\\\/05\\\/Logga-Trygg-Tillsyn-Svart.gif\",\"contentUrl\":\"https:\\\/\\\/tryggtillsynisverige.se\\\/wp-content\\\/uploads\\\/2024\\\/05\\\/Logga-Trygg-Tillsyn-Svart.gif\",\"width\":501,\"height\":72,\"caption\":\"Trygg Tillsyn i Sverige | Trygg arbetsmilj\u00f6 vid asbestsanering\"},\"image\":{\"@id\":\"https:\\\/\\\/tryggtillsynisverige.se\\\/#\\\/schema\\\/logo\\\/image\\\/\"}}]}<\/script>\n<!-- \/ Yoast SEO plugin. -->","yoast_head_json":{"title":"Returer &amp; \u00c5terbetalning - Trygg Tillsyn i Sverige | Trygg arbetsmilj\u00f6 vid asbestsanering","robots":{"index":"index","follow":"follow","max-snippet":"max-snippet:-1","max-image-preview":"max-image-preview:large","max-video-preview":"max-video-preview:-1"},"canonical":"https:\/\/tryggtillsynisverige.se\/en\/returer-aterbetalning\/","og_locale":"en_GB","og_type":"article","og_title":"Returer &amp; \u00c5terbetalning - Trygg Tillsyn i Sverige | Trygg arbetsmilj\u00f6 vid asbestsanering","og_description":"K\u00d6P PROVTAGNINGSKIT INFORMATION OM ASBEST INFORMATION OM M\u00d6GEL NYHETER Returer &amp; \u00c5terbetalning Returpolicy Vi vill att du ska vara helt n\u00f6jd med ditt k\u00f6p. Om du av n\u00e5gon anledning inte \u00e4r n\u00f6jd med din best\u00e4llning, kan du returnera produkten inom 30 dagar fr\u00e5n mottagandet f\u00f6r en full \u00e5terbetalning eller byte, f\u00f6rutsatt att f\u00f6ljande villkor \u00e4r [&hellip;]","og_url":"https:\/\/tryggtillsynisverige.se\/en\/returer-aterbetalning\/","og_site_name":"Trygg Tillsyn i Sverige | Trygg arbetsmilj\u00f6 vid asbestsanering","article_modified_time":"2024-11-06T14:02:32+00:00","twitter_card":"summary_large_image","twitter_misc":{"Estimated reading time":"2 minutes"},"schema":{"@context":"https:\/\/schema.org","@graph":[{"@type":"WebPage","@id":"https:\/\/tryggtillsynisverige.se\/returer-aterbetalning\/","url":"https:\/\/tryggtillsynisverige.se\/returer-aterbetalning\/","name":"Returer &amp; \u00c5terbetalning - Trygg Tillsyn i Sverige | Trygg arbetsmilj\u00f6 vid asbestsanering","isPartOf":{"@id":"https:\/\/tryggtillsynisverige.se\/#website"},"datePublished":"2024-05-28T08:43:22+00:00","dateModified":"2024-11-06T14:02:32+00:00","breadcrumb":{"@id":"https:\/\/tryggtillsynisverige.se\/returer-aterbetalning\/#breadcrumb"},"inLanguage":"en-GB","potentialAction":[{"@type":"ReadAction","target":["https:\/\/tryggtillsynisverige.se\/returer-aterbetalning\/"]}]},{"@type":"BreadcrumbList","@id":"https:\/\/tryggtillsynisverige.se\/returer-aterbetalning\/#breadcrumb","itemListElement":[{"@type":"ListItem","position":1,"name":"Home","item":"https:\/\/tryggtillsynisverige.se\/"},{"@type":"ListItem","position":2,"name":"Returer &amp; \u00c5terbetalning"}]},{"@type":"WebSite","@id":"https:\/\/tryggtillsynisverige.se\/#website","url":"https:\/\/tryggtillsynisverige.se\/","name":"Trygg Tillsyn i Sverige | Trygg arbetsmilj\u00f6 vid asbestsanering","description":"Experter p\u00e5 asbestsanering \u2013 F\u00f6r en s\u00e4ker arbetsmilj\u00f6","publisher":{"@id":"https:\/\/tryggtillsynisverige.se\/#organization"},"potentialAction":[{"@type":"SearchAction","target":{"@type":"EntryPoint","urlTemplate":"https:\/\/tryggtillsynisverige.se\/?s={search_term_string}"},"query-input":{"@type":"PropertyValueSpecification","valueRequired":true,"valueName":"search_term_string"}}],"inLanguage":"en-GB"},{"@type":"Organization","@id":"https:\/\/tryggtillsynisverige.se\/#organization","name":"Trygg Tillsyn i Sverige | Trygg arbetsmilj\u00f6 vid asbestsanering","url":"https:\/\/tryggtillsynisverige.se\/","logo":{"@type":"ImageObject","inLanguage":"en-GB","@id":"https:\/\/tryggtillsynisverige.se\/#\/schema\/logo\/image\/","url":"https:\/\/tryggtillsynisverige.se\/wp-content\/uploads\/2024\/05\/Logga-Trygg-Tillsyn-Svart.gif","contentUrl":"https:\/\/tryggtillsynisverige.se\/wp-content\/uploads\/2024\/05\/Logga-Trygg-Tillsyn-Svart.gif","width":501,"height":72,"caption":"Trygg Tillsyn i Sverige | Trygg arbetsmilj\u00f6 vid asbestsanering"},"image":{"@id":"https:\/\/tryggtillsynisverige.se\/#\/schema\/logo\/image\/"}}]}},"_links":{"self":[{"href":"https:\/\/tryggtillsynisverige.se\/en\/wp-json\/wp\/v2\/pages\/952","targetHints":{"allow":["GET"]}}],"collection":[{"href":"https:\/\/tryggtillsynisverige.se\/en\/wp-json\/wp\/v2\/pages"}],"about":[{"href":"https:\/\/tryggtillsynisverige.se\/en\/wp-json\/wp\/v2\/types\/page"}],"author":[{"embeddable":true,"href":"https:\/\/tryggtillsynisverige.se\/en\/wp-json\/wp\/v2\/users\/3"}],"replies":[{"embeddable":true,"href":"https:\/\/tryggtillsynisverige.se\/en\/wp-json\/wp\/v2\/comments?post=952"}],"version-history":[{"count":13,"href":"https:\/\/tryggtillsynisverige.se\/en\/wp-json\/wp\/v2\/pages\/952\/revisions"}],"predecessor-version":[{"id":2797,"href":"https:\/\/tryggtillsynisverige.se\/en\/wp-json\/wp\/v2\/pages\/952\/revisions\/2797"}],"wp:attachment":[{"href":"https:\/\/tryggtillsynisverige.se\/en\/wp-json\/wp\/v2\/media?parent=952"}],"curies":[{"name":"wp","href":"https:\/\/api.w.org\/{rel}","templated":true}]}}