{"id":138,"date":"2024-05-21T14:03:56","date_gmt":"2024-05-21T14:03:56","guid":{"rendered":"https:\/\/tryggtillsynisverige.se\/help-info\/"},"modified":"2025-02-14T10:04:26","modified_gmt":"2025-02-14T09:04:26","slug":"help-info","status":"publish","type":"page","link":"https:\/\/tryggtillsynisverige.se\/en\/help-info\/","title":{"rendered":"Frakt &amp; Leverans"},"content":{"rendered":"<div data-elementor-type=\"wp-page\" data-elementor-id=\"138\" class=\"elementor elementor-138\" data-elementor-post-type=\"page\">\n\t\t\t\t<div class=\"elementor-element elementor-element-0791111 e-con-full e-flex e-con e-child\" data-id=\"0791111\" data-element_type=\"container\" data-e-type=\"container\">\n\t\t<div class=\"elementor-element elementor-element-8024567 e-con-full e-flex e-con e-child\" data-id=\"8024567\" data-element_type=\"container\" data-e-type=\"container\">\n\t\t\t\t<div class=\"elementor-element elementor-element-eb86a6d elementor-widget elementor-widget-text-editor\" data-id=\"eb86a6d\" data-element_type=\"widget\" data-e-type=\"widget\" data-widget_type=\"text-editor.default\">\n\t\t\t\t\t\t\t\t\t<p><strong>K\u00d6P PROVTAGNINGSKIT<\/strong><\/p>\t\t\t\t\t\t\t\t<\/div>\n\t\t\t\t<\/div>\n\t\t<div class=\"elementor-element elementor-element-68001a0 e-con-full e-flex e-con e-child\" data-id=\"68001a0\" data-element_type=\"container\" data-e-type=\"container\">\n\t\t\t\t<div class=\"elementor-element elementor-element-ed6cc2d elementor-widget elementor-widget-text-editor\" data-id=\"ed6cc2d\" data-element_type=\"widget\" data-e-type=\"widget\" data-widget_type=\"text-editor.default\">\n\t\t\t\t\t\t\t\t\t<p><strong>INFORMATION OM ASBEST<\/strong><\/p>\t\t\t\t\t\t\t\t<\/div>\n\t\t\t\t<\/div>\n\t\t<div class=\"elementor-element elementor-element-3b0df77 e-con-full e-flex e-con e-child\" data-id=\"3b0df77\" data-element_type=\"container\" data-e-type=\"container\">\n\t\t\t\t<div class=\"elementor-element elementor-element-7924555 elementor-widget elementor-widget-text-editor\" data-id=\"7924555\" data-element_type=\"widget\" data-e-type=\"widget\" data-widget_type=\"text-editor.default\">\n\t\t\t\t\t\t\t\t\t<p><strong>INFORMATION OM M\u00d6GEL<\/strong><\/p>\t\t\t\t\t\t\t\t<\/div>\n\t\t\t\t<\/div>\n\t\t<div class=\"elementor-element elementor-element-eef2655 e-con-full e-flex e-con e-child\" data-id=\"eef2655\" data-element_type=\"container\" data-e-type=\"container\">\n\t\t\t\t<div class=\"elementor-element elementor-element-0645ef2 elementor-widget elementor-widget-text-editor\" data-id=\"0645ef2\" data-element_type=\"widget\" data-e-type=\"widget\" data-widget_type=\"text-editor.default\">\n\t\t\t\t\t\t\t\t\t<p><strong>NYHETER OM ASBEST OCH M\u00d6GEL<\/strong><\/p>\t\t\t\t\t\t\t\t<\/div>\n\t\t\t\t<\/div>\n\t\t<div class=\"elementor-element elementor-element-57dd397 e-con-full e-flex e-con e-child\" data-id=\"57dd397\" data-element_type=\"container\" data-e-type=\"container\">\n\t\t\t\t<div class=\"elementor-element elementor-element-de45eb1 elementor-view-stacked elementor-shape-square elementor-widget__width-initial elementor-position-block-start elementor-mobile-position-block-start elementor-invisible elementor-widget elementor-widget-icon-box\" data-id=\"de45eb1\" data-element_type=\"widget\" data-e-type=\"widget\" data-settings=\"{&quot;_animation&quot;:&quot;fadeIn&quot;,&quot;_animation_delay&quot;:200}\" data-widget_type=\"icon-box.default\">\n\t\t\t\t\t\t\t<div class=\"elementor-icon-box-wrapper\">\n\n\t\t\t\t\t\t<div class=\"elementor-icon-box-icon\">\n\t\t\t\t<a href=\"https:\/\/tryggtillsynisverige.se\/en\/butik\/\" class=\"elementor-icon elementor-animation-shrink\" tabindex=\"-1\">\n\t\t\t\t<svg aria-hidden=\"true\" class=\"e-font-icon-svg e-fas-shopping-basket\" viewbox=\"0 0 576 512\" xmlns=\"http:\/\/www.w3.org\/2000\/svg\"><path d=\"M576 216v16c0 13.255-10.745 24-24 24h-8l-26.113 182.788C514.509 462.435 494.257 480 470.37 480H105.63c-23.887 0-44.139-17.565-47.518-41.212L32 256h-8c-13.255 0-24-10.745-24-24v-16c0-13.255 10.745-24 24-24h67.341l106.78-146.821c10.395-14.292 30.407-17.453 44.701-7.058 14.293 10.395 17.453 30.408 7.058 44.701L170.477 192h235.046L326.12 82.821c-10.395-14.292-7.234-34.306 7.059-44.701 14.291-10.395 34.306-7.235 44.701 7.058L484.659 192H552c13.255 0 24 10.745 24 24zM312 392V280c0-13.255-10.745-24-24-24s-24 10.745-24 24v112c0 13.255 10.745 24 24 24s24-10.745 24-24zm112 0V280c0-13.255-10.745-24-24-24s-24 10.745-24 24v112c0 13.255 10.745 24 24 24s24-10.745 24-24zm-224 0V280c0-13.255-10.745-24-24-24s-24 10.745-24 24v112c0 13.255 10.745 24 24 24s24-10.745 24-24z\"><\/path><\/svg>\t\t\t\t<\/a>\n\t\t\t<\/div>\n\t\t\t\n\t\t\t\n\t\t<\/div>\n\t\t\t\t\t\t<\/div>\n\t\t\t\t<\/div>\n\t\t<div class=\"elementor-element elementor-element-417e5f9 e-con-full e-flex e-con e-child\" data-id=\"417e5f9\" data-element_type=\"container\" data-e-type=\"container\">\n\t\t\t\t<div class=\"elementor-element elementor-element-d5246c9 elementor-view-stacked elementor-shape-square elementor-widget__width-initial elementor-position-block-start elementor-mobile-position-block-start elementor-invisible elementor-widget elementor-widget-icon-box\" data-id=\"d5246c9\" data-element_type=\"widget\" data-e-type=\"widget\" data-settings=\"{&quot;_animation&quot;:&quot;fadeIn&quot;}\" data-widget_type=\"icon-box.default\">\n\t\t\t\t\t\t\t<div class=\"elementor-icon-box-wrapper\">\n\n\t\t\t\t\t\t<div class=\"elementor-icon-box-icon\">\n\t\t\t\t<a href=\"https:\/\/tryggtillsynisverige.se\/en\/asbest-information\/\" class=\"elementor-icon elementor-animation-shrink\" tabindex=\"-1\">\n\t\t\t\t<svg aria-hidden=\"true\" class=\"e-font-icon-svg e-fas-leaf\" viewbox=\"0 0 576 512\" xmlns=\"http:\/\/www.w3.org\/2000\/svg\"><path d=\"M546.2 9.7c-5.6-12.5-21.6-13-28.3-1.2C486.9 62.4 431.4 96 368 96h-80C182 96 96 182 96 288c0 7 .8 13.7 1.5 20.5C161.3 262.8 253.4 224 384 224c8.8 0 16 7.2 16 16s-7.2 16-16 16C132.6 256 26 410.1 2.4 468c-6.6 16.3 1.2 34.9 17.5 41.6 16.4 6.8 35-1.1 41.8-17.3 1.5-3.6 20.9-47.9 71.9-90.6 32.4 43.9 94 85.8 174.9 77.2C465.5 467.5 576 326.7 576 154.3c0-50.2-10.8-102.2-29.8-144.6z\"><\/path><\/svg>\t\t\t\t<\/a>\n\t\t\t<\/div>\n\t\t\t\n\t\t\t\n\t\t<\/div>\n\t\t\t\t\t\t<\/div>\n\t\t\t\t<\/div>\n\t\t<div class=\"elementor-element elementor-element-2d766d7 e-con-full e-flex e-con e-child\" data-id=\"2d766d7\" data-element_type=\"container\" data-e-type=\"container\">\n\t\t\t\t<div class=\"elementor-element elementor-element-b1e0c29 elementor-view-stacked elementor-shape-square elementor-widget__width-initial elementor-position-block-start elementor-mobile-position-block-start elementor-invisible elementor-widget elementor-widget-icon-box\" data-id=\"b1e0c29\" data-element_type=\"widget\" data-e-type=\"widget\" data-settings=\"{&quot;_animation&quot;:&quot;fadeIn&quot;,&quot;_animation_delay&quot;:400}\" data-widget_type=\"icon-box.default\">\n\t\t\t\t\t\t\t<div class=\"elementor-icon-box-wrapper\">\n\n\t\t\t\t\t\t<div class=\"elementor-icon-box-icon\">\n\t\t\t\t<a href=\"https:\/\/tryggtillsynisverige.se\/en\/mogel-information\/\" class=\"elementor-icon elementor-animation-shrink\" tabindex=\"-1\">\n\t\t\t\t<svg aria-hidden=\"true\" class=\"e-font-icon-svg e-fas-flask\" viewbox=\"0 0 448 512\" xmlns=\"http:\/\/www.w3.org\/2000\/svg\"><path d=\"M437.2 403.5L320 215V64h8c13.3 0 24-10.7 24-24V24c0-13.3-10.7-24-24-24H120c-13.3 0-24 10.7-24 24v16c0 13.3 10.7 24 24 24h8v151L10.8 403.5C-18.5 450.6 15.3 512 70.9 512h306.2c55.7 0 89.4-61.5 60.1-108.5zM137.9 320l48.2-77.6c3.7-5.2 5.8-11.6 5.8-18.4V64h64v160c0 6.9 2.2 13.2 5.8 18.4l48.2 77.6h-172z\"><\/path><\/svg>\t\t\t\t<\/a>\n\t\t\t<\/div>\n\t\t\t\n\t\t\t\n\t\t<\/div>\n\t\t\t\t\t\t<\/div>\n\t\t\t\t<\/div>\n\t\t<div class=\"elementor-element elementor-element-2c51f36 e-con-full e-flex e-con e-child\" data-id=\"2c51f36\" data-element_type=\"container\" data-e-type=\"container\">\n\t\t\t\t<div class=\"elementor-element elementor-element-cb7264a elementor-view-stacked elementor-shape-square elementor-widget__width-initial elementor-position-block-start elementor-mobile-position-block-start elementor-invisible elementor-widget elementor-widget-icon-box\" data-id=\"cb7264a\" data-element_type=\"widget\" data-e-type=\"widget\" data-settings=\"{&quot;_animation&quot;:&quot;fadeIn&quot;,&quot;_animation_delay&quot;:600}\" data-widget_type=\"icon-box.default\">\n\t\t\t\t\t\t\t<div class=\"elementor-icon-box-wrapper\">\n\n\t\t\t\t\t\t<div class=\"elementor-icon-box-icon\">\n\t\t\t\t<a href=\"https:\/\/tryggtillsynisverige.se\/en\/artiklar-nyheter\/\" class=\"elementor-icon elementor-animation-shrink\" tabindex=\"-1\">\n\t\t\t\t\t\t\t\t<\/a>\n\t\t\t<\/div>\n\t\t\t\n\t\t\t\n\t\t<\/div>\n\t\t\t\t\t\t<\/div>\n\t\t\t\t<\/div>\n\t\t\t\t<\/div>\n\t\t<div class=\"elementor-element elementor-element-bb5798f e-con-full e-flex e-con e-parent\" data-id=\"bb5798f\" data-element_type=\"container\" data-e-type=\"container\">\n\t\t\t\t<\/div>\n\t\t<div class=\"elementor-element elementor-element-5deb9d49 e-flex e-con-boxed e-con e-parent\" data-id=\"5deb9d49\" data-element_type=\"container\" data-e-type=\"container\" data-settings=\"{&quot;background_background&quot;:&quot;classic&quot;}\">\n\t\t\t\t\t<div class=\"e-con-inner\">\n\t\t\t\t<div class=\"elementor-element elementor-element-68f8fae elementor-widget elementor-widget-heading\" data-id=\"68f8fae\" data-element_type=\"widget\" data-e-type=\"widget\" data-widget_type=\"heading.default\">\n\t\t\t\t\t<h1 class=\"elementor-heading-title elementor-size-default\">Information om frakt och leverans<\/h1>\t\t\t\t<\/div>\n\t\t\t\t<div class=\"elementor-element elementor-element-356ac49c elementor-widget elementor-widget-text-editor\" data-id=\"356ac49c\" data-element_type=\"widget\" data-e-type=\"widget\" data-widget_type=\"text-editor.default\">\n\t\t\t\t\t\t\t\t\t<h2>Leveranstid<\/h2><p>Vi str\u00e4var efter att behandla och skicka din best\u00e4llning s\u00e5 snabbt som m\u00f6jligt. Normal leveranstid \u00e4r 3-5 arbetsdagar inom Sverige. Under h\u00f6gs\u00e4song kan leveranstiden vara n\u00e5got l\u00e4ngre.<\/p><h2>Fraktkostnad<\/h2><p>Fraktkostnaden ber\u00e4knas och visas i kassan innan du slutf\u00f6r ditt k\u00f6p.<\/p><h2>Leveranss\u00e4tt<\/h2><p>Vi anv\u00e4nder oss av olika leveranss\u00e4tt beroende p\u00e5 best\u00e4llningens storlek och vikt.<\/p><h2>Sp\u00e5rning<\/h2><p>N\u00e4r din best\u00e4llning har skickats f\u00e5r du ett sp\u00e5rningsnummer via e-post som du kan anv\u00e4nda f\u00f6r att f\u00f6lja din leverans.<\/p><h2>Leveransf\u00f6rseningar<\/h2><p>Om din best\u00e4llning blir f\u00f6rsenad kommer vi att meddela dig s\u00e5 snart som m\u00f6jligt. Vid st\u00f6rre f\u00f6rseningar har du r\u00e4tt att avboka din best\u00e4llning och f\u00e5 pengarna tillbaka.<\/p><h2>Skadade eller saknade varor<\/h2><p>Kontrollera din leverans vid mottagandet. Om varor \u00e4r skadade eller saknas, kontakta v\u00e5r kundservice inom 7 dagar f\u00f6r att rapportera problemet och f\u00e5 hj\u00e4lp med en l\u00f6sning.<\/p><h2>Outl\u00f6sta paket<\/h2><p>F\u00f6r outl\u00f6sta paket som returneras till oss f\u00f6rbeh\u00e5ller vi oss r\u00e4tten att debitera dig f\u00f6r kostnaderna f\u00f6r returfrakt och hanteringsavgifter.<\/p><h2>Kontaktuppgifter<\/h2><p>F\u00f6r fr\u00e5gor eller mer information om v\u00e5ra fraktvillkor, v\u00e4nligen kontakta v\u00e5r kundservice:<\/p><ul><li>E-post: info<a target=\"_new\" rel=\"noreferrer\">@ttis.se<\/a><\/li><li>Telefon: +46 70 955 05 22<\/li><\/ul><p>Genom att slutf\u00f6ra din best\u00e4llning godk\u00e4nner du v\u00e5ra fraktvillkor. <br \/>Vi tackar f\u00f6r ditt f\u00f6rtroende och hoppas att du blir n\u00f6jd med ditt k\u00f6p.<\/p>\t\t\t\t\t\t\t\t<\/div>\n\t\t\t\t\t<\/div>\n\t\t\t\t<\/div>\n\t\t\t\t<\/div>","protected":false},"excerpt":{"rendered":"<p>K\u00d6P PROVTAGNINGSKIT INFORMATION OM ASBEST INFORMATION OM M\u00d6GEL NYHETER OM ASBEST OCH M\u00d6GEL Information om frakt och leverans Leveranstid Vi str\u00e4var efter att behandla och skicka din best\u00e4llning s\u00e5 snabbt som m\u00f6jligt. Normal leveranstid \u00e4r 3-5 arbetsdagar inom Sverige. Under h\u00f6gs\u00e4song kan leveranstiden vara n\u00e5got l\u00e4ngre. Fraktkostnad Fraktkostnaden ber\u00e4knas och visas i kassan innan du [&hellip;]<\/p>\n","protected":false},"author":1,"featured_media":0,"parent":0,"menu_order":0,"comment_status":"closed","ping_status":"closed","template":"elementor_header_footer","meta":{"footnotes":""},"class_list":["post-138","page","type-page","status-publish","hentry"],"yoast_head":"<!-- This site is optimized with the Yoast SEO plugin v27.5 - https:\/\/yoast.com\/product\/yoast-seo-wordpress\/ -->\n<title>Frakt &amp; Leverans - Trygg Tillsyn i Sverige | Trygg arbetsmilj\u00f6 vid asbestsanering<\/title>\n<meta name=\"robots\" content=\"index, follow, max-snippet:-1, max-image-preview:large, max-video-preview:-1\" \/>\n<link rel=\"canonical\" href=\"https:\/\/tryggtillsynisverige.se\/en\/help-info\/\" \/>\n<meta property=\"og:locale\" content=\"en_GB\" \/>\n<meta property=\"og:type\" content=\"article\" \/>\n<meta property=\"og:title\" content=\"Frakt &amp; Leverans - Trygg Tillsyn i Sverige | Trygg arbetsmilj\u00f6 vid asbestsanering\" \/>\n<meta property=\"og:description\" content=\"K\u00d6P PROVTAGNINGSKIT INFORMATION OM ASBEST INFORMATION OM M\u00d6GEL NYHETER OM ASBEST OCH M\u00d6GEL Information om frakt och leverans Leveranstid Vi str\u00e4var efter att behandla och skicka din best\u00e4llning s\u00e5 snabbt som m\u00f6jligt. Normal leveranstid \u00e4r 3-5 arbetsdagar inom Sverige. Under h\u00f6gs\u00e4song kan leveranstiden vara n\u00e5got l\u00e4ngre. Fraktkostnad Fraktkostnaden ber\u00e4knas och visas i kassan innan du [&hellip;]\" \/>\n<meta property=\"og:url\" content=\"https:\/\/tryggtillsynisverige.se\/en\/help-info\/\" \/>\n<meta property=\"og:site_name\" content=\"Trygg Tillsyn i Sverige | Trygg arbetsmilj\u00f6 vid asbestsanering\" \/>\n<meta property=\"article:modified_time\" content=\"2025-02-14T09:04:26+00:00\" \/>\n<meta name=\"twitter:card\" content=\"summary_large_image\" \/>\n<meta name=\"twitter:label1\" content=\"Estimated reading time\" \/>\n\t<meta name=\"twitter:data1\" content=\"1 minute\" \/>\n<script type=\"application\/ld+json\" class=\"yoast-schema-graph\">{\"@context\":\"https:\\\/\\\/schema.org\",\"@graph\":[{\"@type\":\"WebPage\",\"@id\":\"https:\\\/\\\/tryggtillsynisverige.se\\\/help-info\\\/\",\"url\":\"https:\\\/\\\/tryggtillsynisverige.se\\\/help-info\\\/\",\"name\":\"Frakt &amp; Leverans - Trygg Tillsyn i Sverige | Trygg arbetsmilj\u00f6 vid asbestsanering\",\"isPartOf\":{\"@id\":\"https:\\\/\\\/tryggtillsynisverige.se\\\/#website\"},\"datePublished\":\"2024-05-21T14:03:56+00:00\",\"dateModified\":\"2025-02-14T09:04:26+00:00\",\"breadcrumb\":{\"@id\":\"https:\\\/\\\/tryggtillsynisverige.se\\\/help-info\\\/#breadcrumb\"},\"inLanguage\":\"en-GB\",\"potentialAction\":[{\"@type\":\"ReadAction\",\"target\":[\"https:\\\/\\\/tryggtillsynisverige.se\\\/help-info\\\/\"]}]},{\"@type\":\"BreadcrumbList\",\"@id\":\"https:\\\/\\\/tryggtillsynisverige.se\\\/help-info\\\/#breadcrumb\",\"itemListElement\":[{\"@type\":\"ListItem\",\"position\":1,\"name\":\"Home\",\"item\":\"https:\\\/\\\/tryggtillsynisverige.se\\\/\"},{\"@type\":\"ListItem\",\"position\":2,\"name\":\"Frakt &amp; Leverans\"}]},{\"@type\":\"WebSite\",\"@id\":\"https:\\\/\\\/tryggtillsynisverige.se\\\/#website\",\"url\":\"https:\\\/\\\/tryggtillsynisverige.se\\\/\",\"name\":\"Trygg Tillsyn i Sverige | Trygg arbetsmilj\u00f6 vid asbestsanering\",\"description\":\"Experter p\u00e5 asbestsanering \u2013 F\u00f6r en s\u00e4ker arbetsmilj\u00f6\",\"publisher\":{\"@id\":\"https:\\\/\\\/tryggtillsynisverige.se\\\/#organization\"},\"potentialAction\":[{\"@type\":\"SearchAction\",\"target\":{\"@type\":\"EntryPoint\",\"urlTemplate\":\"https:\\\/\\\/tryggtillsynisverige.se\\\/?s={search_term_string}\"},\"query-input\":{\"@type\":\"PropertyValueSpecification\",\"valueRequired\":true,\"valueName\":\"search_term_string\"}}],\"inLanguage\":\"en-GB\"},{\"@type\":\"Organization\",\"@id\":\"https:\\\/\\\/tryggtillsynisverige.se\\\/#organization\",\"name\":\"Trygg Tillsyn i Sverige | Trygg arbetsmilj\u00f6 vid asbestsanering\",\"url\":\"https:\\\/\\\/tryggtillsynisverige.se\\\/\",\"logo\":{\"@type\":\"ImageObject\",\"inLanguage\":\"en-GB\",\"@id\":\"https:\\\/\\\/tryggtillsynisverige.se\\\/#\\\/schema\\\/logo\\\/image\\\/\",\"url\":\"https:\\\/\\\/tryggtillsynisverige.se\\\/wp-content\\\/uploads\\\/2024\\\/05\\\/Logga-Trygg-Tillsyn-Svart.gif\",\"contentUrl\":\"https:\\\/\\\/tryggtillsynisverige.se\\\/wp-content\\\/uploads\\\/2024\\\/05\\\/Logga-Trygg-Tillsyn-Svart.gif\",\"width\":501,\"height\":72,\"caption\":\"Trygg Tillsyn i Sverige | Trygg arbetsmilj\u00f6 vid asbestsanering\"},\"image\":{\"@id\":\"https:\\\/\\\/tryggtillsynisverige.se\\\/#\\\/schema\\\/logo\\\/image\\\/\"}}]}<\/script>\n<!-- \/ Yoast SEO plugin. -->","yoast_head_json":{"title":"Frakt &amp; Leverans - Trygg Tillsyn i Sverige | Trygg arbetsmilj\u00f6 vid asbestsanering","robots":{"index":"index","follow":"follow","max-snippet":"max-snippet:-1","max-image-preview":"max-image-preview:large","max-video-preview":"max-video-preview:-1"},"canonical":"https:\/\/tryggtillsynisverige.se\/en\/help-info\/","og_locale":"en_GB","og_type":"article","og_title":"Frakt &amp; Leverans - Trygg Tillsyn i Sverige | Trygg arbetsmilj\u00f6 vid asbestsanering","og_description":"K\u00d6P PROVTAGNINGSKIT INFORMATION OM ASBEST INFORMATION OM M\u00d6GEL NYHETER OM ASBEST OCH M\u00d6GEL Information om frakt och leverans Leveranstid Vi str\u00e4var efter att behandla och skicka din best\u00e4llning s\u00e5 snabbt som m\u00f6jligt. Normal leveranstid \u00e4r 3-5 arbetsdagar inom Sverige. Under h\u00f6gs\u00e4song kan leveranstiden vara n\u00e5got l\u00e4ngre. Fraktkostnad Fraktkostnaden ber\u00e4knas och visas i kassan innan du [&hellip;]","og_url":"https:\/\/tryggtillsynisverige.se\/en\/help-info\/","og_site_name":"Trygg Tillsyn i Sverige | Trygg arbetsmilj\u00f6 vid asbestsanering","article_modified_time":"2025-02-14T09:04:26+00:00","twitter_card":"summary_large_image","twitter_misc":{"Estimated reading time":"1 minute"},"schema":{"@context":"https:\/\/schema.org","@graph":[{"@type":"WebPage","@id":"https:\/\/tryggtillsynisverige.se\/help-info\/","url":"https:\/\/tryggtillsynisverige.se\/help-info\/","name":"Frakt &amp; Leverans - Trygg Tillsyn i Sverige | Trygg arbetsmilj\u00f6 vid asbestsanering","isPartOf":{"@id":"https:\/\/tryggtillsynisverige.se\/#website"},"datePublished":"2024-05-21T14:03:56+00:00","dateModified":"2025-02-14T09:04:26+00:00","breadcrumb":{"@id":"https:\/\/tryggtillsynisverige.se\/help-info\/#breadcrumb"},"inLanguage":"en-GB","potentialAction":[{"@type":"ReadAction","target":["https:\/\/tryggtillsynisverige.se\/help-info\/"]}]},{"@type":"BreadcrumbList","@id":"https:\/\/tryggtillsynisverige.se\/help-info\/#breadcrumb","itemListElement":[{"@type":"ListItem","position":1,"name":"Home","item":"https:\/\/tryggtillsynisverige.se\/"},{"@type":"ListItem","position":2,"name":"Frakt &amp; Leverans"}]},{"@type":"WebSite","@id":"https:\/\/tryggtillsynisverige.se\/#website","url":"https:\/\/tryggtillsynisverige.se\/","name":"Trygg Tillsyn i Sverige | Trygg arbetsmilj\u00f6 vid asbestsanering","description":"Experter p\u00e5 asbestsanering \u2013 F\u00f6r en s\u00e4ker arbetsmilj\u00f6","publisher":{"@id":"https:\/\/tryggtillsynisverige.se\/#organization"},"potentialAction":[{"@type":"SearchAction","target":{"@type":"EntryPoint","urlTemplate":"https:\/\/tryggtillsynisverige.se\/?s={search_term_string}"},"query-input":{"@type":"PropertyValueSpecification","valueRequired":true,"valueName":"search_term_string"}}],"inLanguage":"en-GB"},{"@type":"Organization","@id":"https:\/\/tryggtillsynisverige.se\/#organization","name":"Trygg Tillsyn i Sverige | Trygg arbetsmilj\u00f6 vid asbestsanering","url":"https:\/\/tryggtillsynisverige.se\/","logo":{"@type":"ImageObject","inLanguage":"en-GB","@id":"https:\/\/tryggtillsynisverige.se\/#\/schema\/logo\/image\/","url":"https:\/\/tryggtillsynisverige.se\/wp-content\/uploads\/2024\/05\/Logga-Trygg-Tillsyn-Svart.gif","contentUrl":"https:\/\/tryggtillsynisverige.se\/wp-content\/uploads\/2024\/05\/Logga-Trygg-Tillsyn-Svart.gif","width":501,"height":72,"caption":"Trygg Tillsyn i Sverige | Trygg arbetsmilj\u00f6 vid asbestsanering"},"image":{"@id":"https:\/\/tryggtillsynisverige.se\/#\/schema\/logo\/image\/"}}]}},"_links":{"self":[{"href":"https:\/\/tryggtillsynisverige.se\/en\/wp-json\/wp\/v2\/pages\/138","targetHints":{"allow":["GET"]}}],"collection":[{"href":"https:\/\/tryggtillsynisverige.se\/en\/wp-json\/wp\/v2\/pages"}],"about":[{"href":"https:\/\/tryggtillsynisverige.se\/en\/wp-json\/wp\/v2\/types\/page"}],"author":[{"embeddable":true,"href":"https:\/\/tryggtillsynisverige.se\/en\/wp-json\/wp\/v2\/users\/1"}],"replies":[{"embeddable":true,"href":"https:\/\/tryggtillsynisverige.se\/en\/wp-json\/wp\/v2\/comments?post=138"}],"version-history":[{"count":28,"href":"https:\/\/tryggtillsynisverige.se\/en\/wp-json\/wp\/v2\/pages\/138\/revisions"}],"predecessor-version":[{"id":3869,"href":"https:\/\/tryggtillsynisverige.se\/en\/wp-json\/wp\/v2\/pages\/138\/revisions\/3869"}],"wp:attachment":[{"href":"https:\/\/tryggtillsynisverige.se\/en\/wp-json\/wp\/v2\/media?parent=138"}],"curies":[{"name":"wp","href":"https:\/\/api.w.org\/{rel}","templated":true}]}}