{"id":1040,"date":"2024-05-28T13:52:56","date_gmt":"2024-05-28T13:52:56","guid":{"rendered":"https:\/\/tryggtillsynisverige.se\/?page_id=1040"},"modified":"2025-03-21T13:09:36","modified_gmt":"2025-03-21T12:09:36","slug":"avgifter","status":"publish","type":"page","link":"https:\/\/tryggtillsynisverige.se\/en\/avgifter\/","title":{"rendered":"AVGIFTER"},"content":{"rendered":"<div data-elementor-type=\"wp-page\" data-elementor-id=\"1040\" class=\"elementor elementor-1040\" data-elementor-post-type=\"page\">\n\t\t\t\t<div class=\"elementor-element elementor-element-a1d9a48 e-con-full e-flex e-con e-parent\" data-id=\"a1d9a48\" data-element_type=\"container\" data-e-type=\"container\">\n\t\t<div class=\"elementor-element elementor-element-bb43b84 e-con-full e-flex e-con e-child\" data-id=\"bb43b84\" data-element_type=\"container\" data-e-type=\"container\">\n\t\t<div class=\"elementor-element elementor-element-accec16 e-con-full e-flex e-con e-child\" data-id=\"accec16\" data-element_type=\"container\" data-e-type=\"container\">\n\t\t\t\t<div class=\"elementor-element elementor-element-93a1450 elementor-widget-tablet__width-inherit elementor-widget elementor-widget-text-editor\" data-id=\"93a1450\" data-element_type=\"widget\" data-e-type=\"widget\" data-widget_type=\"text-editor.default\">\n\t\t\t\t\t\t\t\t\t<p><strong>K\u00d6P PROVTAGNINGSKIT<\/strong><\/p>\t\t\t\t\t\t\t\t<\/div>\n\t\t\t\t<\/div>\n\t\t<div class=\"elementor-element elementor-element-e808a9a e-con-full e-flex e-con e-child\" data-id=\"e808a9a\" data-element_type=\"container\" data-e-type=\"container\">\n\t\t\t\t<div class=\"elementor-element elementor-element-81c3d3f elementor-widget-tablet__width-inherit elementor-widget elementor-widget-text-editor\" data-id=\"81c3d3f\" data-element_type=\"widget\" data-e-type=\"widget\" data-widget_type=\"text-editor.default\">\n\t\t\t\t\t\t\t\t\t<p><strong>INFORMATION OM ASBEST<\/strong><\/p>\t\t\t\t\t\t\t\t<\/div>\n\t\t\t\t<\/div>\n\t\t<div class=\"elementor-element elementor-element-9202e3f e-con-full e-flex e-con e-child\" data-id=\"9202e3f\" data-element_type=\"container\" data-e-type=\"container\">\n\t\t\t\t<div class=\"elementor-element elementor-element-ce0e3bb elementor-widget-tablet__width-inherit elementor-widget elementor-widget-text-editor\" data-id=\"ce0e3bb\" data-element_type=\"widget\" data-e-type=\"widget\" data-widget_type=\"text-editor.default\">\n\t\t\t\t\t\t\t\t\t<p><strong>INFORMATION OM M\u00d6GEL<\/strong><\/p>\t\t\t\t\t\t\t\t<\/div>\n\t\t\t\t<\/div>\n\t\t<div class=\"elementor-element elementor-element-6fbf806 e-con-full e-flex e-con e-child\" data-id=\"6fbf806\" data-element_type=\"container\" data-e-type=\"container\">\n\t\t\t\t<div class=\"elementor-element elementor-element-e54d288 elementor-widget-tablet__width-inherit elementor-widget elementor-widget-text-editor\" data-id=\"e54d288\" data-element_type=\"widget\" data-e-type=\"widget\" data-widget_type=\"text-editor.default\">\n\t\t\t\t\t\t\t\t\t<p><strong>NYHETER OM ASBEST OCH M\u00d6GEL<\/strong><\/p>\t\t\t\t\t\t\t\t<\/div>\n\t\t\t\t<\/div>\n\t\t<div class=\"elementor-element elementor-element-c62ad69 e-con-full e-flex e-con e-child\" data-id=\"c62ad69\" data-element_type=\"container\" data-e-type=\"container\">\n\t\t\t\t<div class=\"elementor-element elementor-element-95ffe96 elementor-view-stacked elementor-shape-square elementor-widget__width-initial elementor-position-block-start elementor-mobile-position-block-start elementor-invisible elementor-widget elementor-widget-icon-box\" data-id=\"95ffe96\" data-element_type=\"widget\" data-e-type=\"widget\" data-settings=\"{&quot;_animation&quot;:&quot;fadeIn&quot;,&quot;_animation_delay&quot;:200}\" data-widget_type=\"icon-box.default\">\n\t\t\t\t\t\t\t<div class=\"elementor-icon-box-wrapper\">\n\n\t\t\t\t\t\t<div class=\"elementor-icon-box-icon\">\n\t\t\t\t<a href=\"https:\/\/tryggtillsynisverige.se\/en\/product\/provtagningskit-asbest\/\" class=\"elementor-icon elementor-animation-shrink\" tabindex=\"-1\">\n\t\t\t\t<svg aria-hidden=\"true\" class=\"e-font-icon-svg e-fas-shopping-basket\" viewbox=\"0 0 576 512\" xmlns=\"http:\/\/www.w3.org\/2000\/svg\"><path d=\"M576 216v16c0 13.255-10.745 24-24 24h-8l-26.113 182.788C514.509 462.435 494.257 480 470.37 480H105.63c-23.887 0-44.139-17.565-47.518-41.212L32 256h-8c-13.255 0-24-10.745-24-24v-16c0-13.255 10.745-24 24-24h67.341l106.78-146.821c10.395-14.292 30.407-17.453 44.701-7.058 14.293 10.395 17.453 30.408 7.058 44.701L170.477 192h235.046L326.12 82.821c-10.395-14.292-7.234-34.306 7.059-44.701 14.291-10.395 34.306-7.235 44.701 7.058L484.659 192H552c13.255 0 24 10.745 24 24zM312 392V280c0-13.255-10.745-24-24-24s-24 10.745-24 24v112c0 13.255 10.745 24 24 24s24-10.745 24-24zm112 0V280c0-13.255-10.745-24-24-24s-24 10.745-24 24v112c0 13.255 10.745 24 24 24s24-10.745 24-24zm-224 0V280c0-13.255-10.745-24-24-24s-24 10.745-24 24v112c0 13.255 10.745 24 24 24s24-10.745 24-24z\"><\/path><\/svg>\t\t\t\t<\/a>\n\t\t\t<\/div>\n\t\t\t\n\t\t\t\n\t\t<\/div>\n\t\t\t\t\t\t<\/div>\n\t\t\t\t<\/div>\n\t\t<div class=\"elementor-element elementor-element-5228d80 e-con-full e-flex e-con e-child\" data-id=\"5228d80\" data-element_type=\"container\" data-e-type=\"container\">\n\t\t\t\t<div class=\"elementor-element elementor-element-51c4a52 elementor-view-stacked elementor-shape-square elementor-widget__width-initial elementor-position-block-start elementor-mobile-position-block-start elementor-invisible elementor-widget elementor-widget-icon-box\" data-id=\"51c4a52\" data-element_type=\"widget\" data-e-type=\"widget\" data-settings=\"{&quot;_animation&quot;:&quot;fadeIn&quot;}\" data-widget_type=\"icon-box.default\">\n\t\t\t\t\t\t\t<div class=\"elementor-icon-box-wrapper\">\n\n\t\t\t\t\t\t<div class=\"elementor-icon-box-icon\">\n\t\t\t\t<a href=\"https:\/\/tryggtillsynisverige.se\/en\/information-om-asbest\/\" class=\"elementor-icon elementor-animation-shrink\" tabindex=\"-1\">\n\t\t\t\t<svg aria-hidden=\"true\" class=\"e-font-icon-svg e-fas-leaf\" viewbox=\"0 0 576 512\" xmlns=\"http:\/\/www.w3.org\/2000\/svg\"><path d=\"M546.2 9.7c-5.6-12.5-21.6-13-28.3-1.2C486.9 62.4 431.4 96 368 96h-80C182 96 96 182 96 288c0 7 .8 13.7 1.5 20.5C161.3 262.8 253.4 224 384 224c8.8 0 16 7.2 16 16s-7.2 16-16 16C132.6 256 26 410.1 2.4 468c-6.6 16.3 1.2 34.9 17.5 41.6 16.4 6.8 35-1.1 41.8-17.3 1.5-3.6 20.9-47.9 71.9-90.6 32.4 43.9 94 85.8 174.9 77.2C465.5 467.5 576 326.7 576 154.3c0-50.2-10.8-102.2-29.8-144.6z\"><\/path><\/svg>\t\t\t\t<\/a>\n\t\t\t<\/div>\n\t\t\t\n\t\t\t\n\t\t<\/div>\n\t\t\t\t\t\t<\/div>\n\t\t\t\t<\/div>\n\t\t<div class=\"elementor-element elementor-element-4720228 e-con-full e-flex e-con e-child\" data-id=\"4720228\" data-element_type=\"container\" data-e-type=\"container\">\n\t\t\t\t<div class=\"elementor-element elementor-element-67a0d0e elementor-view-stacked elementor-shape-square elementor-widget__width-initial elementor-position-block-start elementor-mobile-position-block-start elementor-invisible elementor-widget elementor-widget-icon-box\" data-id=\"67a0d0e\" data-element_type=\"widget\" data-e-type=\"widget\" data-settings=\"{&quot;_animation&quot;:&quot;fadeIn&quot;,&quot;_animation_delay&quot;:400}\" data-widget_type=\"icon-box.default\">\n\t\t\t\t\t\t\t<div class=\"elementor-icon-box-wrapper\">\n\n\t\t\t\t\t\t<div class=\"elementor-icon-box-icon\">\n\t\t\t\t<a href=\"https:\/\/tryggtillsynisverige.se\/en\/mogel-information\/\" class=\"elementor-icon elementor-animation-shrink\" tabindex=\"-1\">\n\t\t\t\t<svg aria-hidden=\"true\" class=\"e-font-icon-svg e-fas-flask\" viewbox=\"0 0 448 512\" xmlns=\"http:\/\/www.w3.org\/2000\/svg\"><path d=\"M437.2 403.5L320 215V64h8c13.3 0 24-10.7 24-24V24c0-13.3-10.7-24-24-24H120c-13.3 0-24 10.7-24 24v16c0 13.3 10.7 24 24 24h8v151L10.8 403.5C-18.5 450.6 15.3 512 70.9 512h306.2c55.7 0 89.4-61.5 60.1-108.5zM137.9 320l48.2-77.6c3.7-5.2 5.8-11.6 5.8-18.4V64h64v160c0 6.9 2.2 13.2 5.8 18.4l48.2 77.6h-172z\"><\/path><\/svg>\t\t\t\t<\/a>\n\t\t\t<\/div>\n\t\t\t\n\t\t\t\n\t\t<\/div>\n\t\t\t\t\t\t<\/div>\n\t\t\t\t<\/div>\n\t\t<div class=\"elementor-element elementor-element-5690f6e e-con-full e-flex e-con e-child\" data-id=\"5690f6e\" data-element_type=\"container\" data-e-type=\"container\">\n\t\t\t\t<div class=\"elementor-element elementor-element-010e086 elementor-view-stacked elementor-shape-square elementor-widget__width-initial elementor-position-block-start elementor-mobile-position-block-start elementor-invisible elementor-widget elementor-widget-icon-box\" data-id=\"010e086\" data-element_type=\"widget\" data-e-type=\"widget\" data-settings=\"{&quot;_animation&quot;:&quot;fadeIn&quot;,&quot;_animation_delay&quot;:600}\" data-widget_type=\"icon-box.default\">\n\t\t\t\t\t\t\t<div class=\"elementor-icon-box-wrapper\">\n\n\t\t\t\t\t\t<div class=\"elementor-icon-box-icon\">\n\t\t\t\t<a href=\"https:\/\/tryggtillsynisverige.se\/en\/artiklar-nyheter\/\" class=\"elementor-icon elementor-animation-shrink\" tabindex=\"-1\">\n\t\t\t\t<svg aria-hidden=\"true\" class=\"e-font-icon-svg e-far-newspaper\" viewbox=\"0 0 576 512\" xmlns=\"http:\/\/www.w3.org\/2000\/svg\"><path d=\"M552 64H112c-20.858 0-38.643 13.377-45.248 32H24c-13.255 0-24 10.745-24 24v272c0 30.928 25.072 56 56 56h496c13.255 0 24-10.745 24-24V88c0-13.255-10.745-24-24-24zM48 392V144h16v248c0 4.411-3.589 8-8 8s-8-3.589-8-8zm480 8H111.422c.374-2.614.578-5.283.578-8V112h416v288zM172 280h136c6.627 0 12-5.373 12-12v-96c0-6.627-5.373-12-12-12H172c-6.627 0-12 5.373-12 12v96c0 6.627 5.373 12 12 12zm28-80h80v40h-80v-40zm-40 140v-24c0-6.627 5.373-12 12-12h136c6.627 0 12 5.373 12 12v24c0 6.627-5.373 12-12 12H172c-6.627 0-12-5.373-12-12zm192 0v-24c0-6.627 5.373-12 12-12h104c6.627 0 12 5.373 12 12v24c0 6.627-5.373 12-12 12H364c-6.627 0-12-5.373-12-12zm0-144v-24c0-6.627 5.373-12 12-12h104c6.627 0 12 5.373 12 12v24c0 6.627-5.373 12-12 12H364c-6.627 0-12-5.373-12-12zm0 72v-24c0-6.627 5.373-12 12-12h104c6.627 0 12 5.373 12 12v24c0 6.627-5.373 12-12 12H364c-6.627 0-12-5.373-12-12z\"><\/path><\/svg>\t\t\t\t<\/a>\n\t\t\t<\/div>\n\t\t\t\n\t\t\t\n\t\t<\/div>\n\t\t\t\t\t\t<\/div>\n\t\t\t\t<\/div>\n\t\t\t\t<\/div>\n\t\t\t\t<\/div>\n\t\t<div class=\"elementor-element elementor-element-6e5ec26 e-flex e-con-boxed e-con e-parent\" data-id=\"6e5ec26\" data-element_type=\"container\" data-e-type=\"container\">\n\t\t\t\t\t<div class=\"e-con-inner\">\n\t\t\t\t<div class=\"elementor-element elementor-element-68f8fae elementor-widget elementor-widget-heading\" data-id=\"68f8fae\" data-element_type=\"widget\" data-e-type=\"widget\" data-widget_type=\"heading.default\">\n\t\t\t\t\t<h1 class=\"elementor-heading-title elementor-size-default\">Medlemsavgift 2025<\/h1>\t\t\t\t<\/div>\n\t\t\t\t\t<\/div>\n\t\t\t\t<\/div>\n\t\t<div class=\"elementor-element elementor-element-5deb9d49 e-flex e-con-boxed e-con e-parent\" data-id=\"5deb9d49\" data-element_type=\"container\" data-e-type=\"container\" data-settings=\"{&quot;background_background&quot;:&quot;classic&quot;}\">\n\t\t\t\t\t<div class=\"e-con-inner\">\n\t\t\t\t<div class=\"elementor-element elementor-element-5ff67d8 elementor-widget elementor-widget-text-editor\" data-id=\"5ff67d8\" data-element_type=\"widget\" data-e-type=\"widget\" data-widget_type=\"text-editor.default\">\n\t\t\t\t\t\t\t\t\t<p>F\u00f6retagets medlemskap g\u00e4ller tillsvidare och f\u00f6rl\u00e4ngs \u00e5rsvis.<\/p><p>Genom att ansluta er tidigt f\u00e5r ni en exklusiv f\u00f6rdel \u2013 h\u00f6gre ranking och prioritet i s\u00f6kningar. <br \/>Detta inneb\u00e4r att ert f\u00f6retag syns mer, vilket leder till fler f\u00f6rfr\u00e5gningar och p\u00e5ringningar fr\u00e5n potentiella kunder. <br \/>Medlemskapet ger er en konkurrensf\u00f6rdel som kan bidra till fler aff\u00e4rer och ett starkare rykte p\u00e5 marknaden. <br \/>T\u00e4nk p\u00e5 medlemskapet som en investering i ert f\u00f6retags synlighet och l\u00e5ngsiktiga framg\u00e5ng!<\/p><p>Medlemsavgift (betalas \u00e5rligen)\u00a0<br \/>2000:- exkl. Moms<\/p>\t\t\t\t\t\t\t\t<\/div>\n\t\t\t\t<div class=\"elementor-element elementor-element-af1d892 elementor-widget__width-initial elementor-widget elementor-widget-heading\" data-id=\"af1d892\" data-element_type=\"widget\" data-e-type=\"widget\" data-widget_type=\"heading.default\">\n\t\t\t\t\t<h1 class=\"elementor-heading-title elementor-size-default\">Om ni \u00e4r intresserade av att bli medlem och komplettera de befintliga kraven fr\u00e5n Arbetsmilj\u00f6verket, \u00e4r ni v\u00e4lkomna att kontakta oss p\u00e5 info@ttis.se.<\/h1>\t\t\t\t<\/div>\n\t\t\t\t\t<\/div>\n\t\t\t\t<\/div>\n\t\t\t\t<\/div>","protected":false},"excerpt":{"rendered":"<p>K\u00d6P PROVTAGNINGSKIT INFORMATION OM ASBEST INFORMATION OM M\u00d6GEL NYHETER OM ASBEST OCH M\u00d6GEL Medlemsavgift 2025 F\u00f6retagets medlemskap g\u00e4ller tillsvidare och f\u00f6rl\u00e4ngs \u00e5rsvis. Genom att ansluta er tidigt f\u00e5r ni en exklusiv f\u00f6rdel \u2013 h\u00f6gre ranking och prioritet i s\u00f6kningar. Detta inneb\u00e4r att ert f\u00f6retag syns mer, vilket leder till fler f\u00f6rfr\u00e5gningar och p\u00e5ringningar fr\u00e5n potentiella [&hellip;]<\/p>\n","protected":false},"author":3,"featured_media":0,"parent":0,"menu_order":0,"comment_status":"closed","ping_status":"closed","template":"elementor_header_footer","meta":{"footnotes":""},"class_list":["post-1040","page","type-page","status-publish","hentry"],"yoast_head":"<!-- This site is optimized with the Yoast SEO plugin v27.5 - https:\/\/yoast.com\/product\/yoast-seo-wordpress\/ -->\n<title>AVGIFTER - Trygg Tillsyn i Sverige | Trygg arbetsmilj\u00f6 vid asbestsanering<\/title>\n<meta name=\"robots\" content=\"index, follow, max-snippet:-1, max-image-preview:large, max-video-preview:-1\" \/>\n<link rel=\"canonical\" href=\"https:\/\/tryggtillsynisverige.se\/en\/avgifter\/\" \/>\n<meta property=\"og:locale\" content=\"en_GB\" \/>\n<meta property=\"og:type\" content=\"article\" \/>\n<meta property=\"og:title\" content=\"AVGIFTER - Trygg Tillsyn i Sverige | Trygg arbetsmilj\u00f6 vid asbestsanering\" \/>\n<meta property=\"og:description\" content=\"K\u00d6P PROVTAGNINGSKIT INFORMATION OM ASBEST INFORMATION OM M\u00d6GEL NYHETER OM ASBEST OCH M\u00d6GEL Medlemsavgift 2025 F\u00f6retagets medlemskap g\u00e4ller tillsvidare och f\u00f6rl\u00e4ngs \u00e5rsvis. Genom att ansluta er tidigt f\u00e5r ni en exklusiv f\u00f6rdel \u2013 h\u00f6gre ranking och prioritet i s\u00f6kningar. Detta inneb\u00e4r att ert f\u00f6retag syns mer, vilket leder till fler f\u00f6rfr\u00e5gningar och p\u00e5ringningar fr\u00e5n potentiella [&hellip;]\" \/>\n<meta property=\"og:url\" content=\"https:\/\/tryggtillsynisverige.se\/en\/avgifter\/\" \/>\n<meta property=\"og:site_name\" content=\"Trygg Tillsyn i Sverige | Trygg arbetsmilj\u00f6 vid asbestsanering\" \/>\n<meta property=\"article:modified_time\" content=\"2025-03-21T12:09:36+00:00\" \/>\n<meta name=\"twitter:card\" content=\"summary_large_image\" \/>\n<meta name=\"twitter:label1\" content=\"Estimated reading time\" \/>\n\t<meta name=\"twitter:data1\" content=\"1 minute\" \/>\n<script type=\"application\/ld+json\" class=\"yoast-schema-graph\">{\"@context\":\"https:\\\/\\\/schema.org\",\"@graph\":[{\"@type\":\"WebPage\",\"@id\":\"https:\\\/\\\/tryggtillsynisverige.se\\\/avgifter\\\/\",\"url\":\"https:\\\/\\\/tryggtillsynisverige.se\\\/avgifter\\\/\",\"name\":\"AVGIFTER - Trygg Tillsyn i Sverige | Trygg arbetsmilj\u00f6 vid asbestsanering\",\"isPartOf\":{\"@id\":\"https:\\\/\\\/tryggtillsynisverige.se\\\/#website\"},\"datePublished\":\"2024-05-28T13:52:56+00:00\",\"dateModified\":\"2025-03-21T12:09:36+00:00\",\"breadcrumb\":{\"@id\":\"https:\\\/\\\/tryggtillsynisverige.se\\\/avgifter\\\/#breadcrumb\"},\"inLanguage\":\"en-GB\",\"potentialAction\":[{\"@type\":\"ReadAction\",\"target\":[\"https:\\\/\\\/tryggtillsynisverige.se\\\/avgifter\\\/\"]}]},{\"@type\":\"BreadcrumbList\",\"@id\":\"https:\\\/\\\/tryggtillsynisverige.se\\\/avgifter\\\/#breadcrumb\",\"itemListElement\":[{\"@type\":\"ListItem\",\"position\":1,\"name\":\"Home\",\"item\":\"https:\\\/\\\/tryggtillsynisverige.se\\\/\"},{\"@type\":\"ListItem\",\"position\":2,\"name\":\"AVGIFTER\"}]},{\"@type\":\"WebSite\",\"@id\":\"https:\\\/\\\/tryggtillsynisverige.se\\\/#website\",\"url\":\"https:\\\/\\\/tryggtillsynisverige.se\\\/\",\"name\":\"Trygg Tillsyn i Sverige | Trygg arbetsmilj\u00f6 vid asbestsanering\",\"description\":\"Experter p\u00e5 asbestsanering \u2013 F\u00f6r en s\u00e4ker arbetsmilj\u00f6\",\"publisher\":{\"@id\":\"https:\\\/\\\/tryggtillsynisverige.se\\\/#organization\"},\"potentialAction\":[{\"@type\":\"SearchAction\",\"target\":{\"@type\":\"EntryPoint\",\"urlTemplate\":\"https:\\\/\\\/tryggtillsynisverige.se\\\/?s={search_term_string}\"},\"query-input\":{\"@type\":\"PropertyValueSpecification\",\"valueRequired\":true,\"valueName\":\"search_term_string\"}}],\"inLanguage\":\"en-GB\"},{\"@type\":\"Organization\",\"@id\":\"https:\\\/\\\/tryggtillsynisverige.se\\\/#organization\",\"name\":\"Trygg Tillsyn i Sverige | Trygg arbetsmilj\u00f6 vid asbestsanering\",\"url\":\"https:\\\/\\\/tryggtillsynisverige.se\\\/\",\"logo\":{\"@type\":\"ImageObject\",\"inLanguage\":\"en-GB\",\"@id\":\"https:\\\/\\\/tryggtillsynisverige.se\\\/#\\\/schema\\\/logo\\\/image\\\/\",\"url\":\"https:\\\/\\\/tryggtillsynisverige.se\\\/wp-content\\\/uploads\\\/2024\\\/05\\\/Logga-Trygg-Tillsyn-Svart.gif\",\"contentUrl\":\"https:\\\/\\\/tryggtillsynisverige.se\\\/wp-content\\\/uploads\\\/2024\\\/05\\\/Logga-Trygg-Tillsyn-Svart.gif\",\"width\":501,\"height\":72,\"caption\":\"Trygg Tillsyn i Sverige | Trygg arbetsmilj\u00f6 vid asbestsanering\"},\"image\":{\"@id\":\"https:\\\/\\\/tryggtillsynisverige.se\\\/#\\\/schema\\\/logo\\\/image\\\/\"}}]}<\/script>\n<!-- \/ Yoast SEO plugin. -->","yoast_head_json":{"title":"AVGIFTER - Trygg Tillsyn i Sverige | Trygg arbetsmilj\u00f6 vid asbestsanering","robots":{"index":"index","follow":"follow","max-snippet":"max-snippet:-1","max-image-preview":"max-image-preview:large","max-video-preview":"max-video-preview:-1"},"canonical":"https:\/\/tryggtillsynisverige.se\/en\/avgifter\/","og_locale":"en_GB","og_type":"article","og_title":"AVGIFTER - Trygg Tillsyn i Sverige | Trygg arbetsmilj\u00f6 vid asbestsanering","og_description":"K\u00d6P PROVTAGNINGSKIT INFORMATION OM ASBEST INFORMATION OM M\u00d6GEL NYHETER OM ASBEST OCH M\u00d6GEL Medlemsavgift 2025 F\u00f6retagets medlemskap g\u00e4ller tillsvidare och f\u00f6rl\u00e4ngs \u00e5rsvis. Genom att ansluta er tidigt f\u00e5r ni en exklusiv f\u00f6rdel \u2013 h\u00f6gre ranking och prioritet i s\u00f6kningar. Detta inneb\u00e4r att ert f\u00f6retag syns mer, vilket leder till fler f\u00f6rfr\u00e5gningar och p\u00e5ringningar fr\u00e5n potentiella [&hellip;]","og_url":"https:\/\/tryggtillsynisverige.se\/en\/avgifter\/","og_site_name":"Trygg Tillsyn i Sverige | Trygg arbetsmilj\u00f6 vid asbestsanering","article_modified_time":"2025-03-21T12:09:36+00:00","twitter_card":"summary_large_image","twitter_misc":{"Estimated reading time":"1 minute"},"schema":{"@context":"https:\/\/schema.org","@graph":[{"@type":"WebPage","@id":"https:\/\/tryggtillsynisverige.se\/avgifter\/","url":"https:\/\/tryggtillsynisverige.se\/avgifter\/","name":"AVGIFTER - Trygg Tillsyn i Sverige | Trygg arbetsmilj\u00f6 vid asbestsanering","isPartOf":{"@id":"https:\/\/tryggtillsynisverige.se\/#website"},"datePublished":"2024-05-28T13:52:56+00:00","dateModified":"2025-03-21T12:09:36+00:00","breadcrumb":{"@id":"https:\/\/tryggtillsynisverige.se\/avgifter\/#breadcrumb"},"inLanguage":"en-GB","potentialAction":[{"@type":"ReadAction","target":["https:\/\/tryggtillsynisverige.se\/avgifter\/"]}]},{"@type":"BreadcrumbList","@id":"https:\/\/tryggtillsynisverige.se\/avgifter\/#breadcrumb","itemListElement":[{"@type":"ListItem","position":1,"name":"Home","item":"https:\/\/tryggtillsynisverige.se\/"},{"@type":"ListItem","position":2,"name":"AVGIFTER"}]},{"@type":"WebSite","@id":"https:\/\/tryggtillsynisverige.se\/#website","url":"https:\/\/tryggtillsynisverige.se\/","name":"Trygg Tillsyn i Sverige | Trygg arbetsmilj\u00f6 vid asbestsanering","description":"Experter p\u00e5 asbestsanering \u2013 F\u00f6r en s\u00e4ker arbetsmilj\u00f6","publisher":{"@id":"https:\/\/tryggtillsynisverige.se\/#organization"},"potentialAction":[{"@type":"SearchAction","target":{"@type":"EntryPoint","urlTemplate":"https:\/\/tryggtillsynisverige.se\/?s={search_term_string}"},"query-input":{"@type":"PropertyValueSpecification","valueRequired":true,"valueName":"search_term_string"}}],"inLanguage":"en-GB"},{"@type":"Organization","@id":"https:\/\/tryggtillsynisverige.se\/#organization","name":"Trygg Tillsyn i Sverige | Trygg arbetsmilj\u00f6 vid asbestsanering","url":"https:\/\/tryggtillsynisverige.se\/","logo":{"@type":"ImageObject","inLanguage":"en-GB","@id":"https:\/\/tryggtillsynisverige.se\/#\/schema\/logo\/image\/","url":"https:\/\/tryggtillsynisverige.se\/wp-content\/uploads\/2024\/05\/Logga-Trygg-Tillsyn-Svart.gif","contentUrl":"https:\/\/tryggtillsynisverige.se\/wp-content\/uploads\/2024\/05\/Logga-Trygg-Tillsyn-Svart.gif","width":501,"height":72,"caption":"Trygg Tillsyn i Sverige | Trygg arbetsmilj\u00f6 vid asbestsanering"},"image":{"@id":"https:\/\/tryggtillsynisverige.se\/#\/schema\/logo\/image\/"}}]}},"_links":{"self":[{"href":"https:\/\/tryggtillsynisverige.se\/en\/wp-json\/wp\/v2\/pages\/1040","targetHints":{"allow":["GET"]}}],"collection":[{"href":"https:\/\/tryggtillsynisverige.se\/en\/wp-json\/wp\/v2\/pages"}],"about":[{"href":"https:\/\/tryggtillsynisverige.se\/en\/wp-json\/wp\/v2\/types\/page"}],"author":[{"embeddable":true,"href":"https:\/\/tryggtillsynisverige.se\/en\/wp-json\/wp\/v2\/users\/3"}],"replies":[{"embeddable":true,"href":"https:\/\/tryggtillsynisverige.se\/en\/wp-json\/wp\/v2\/comments?post=1040"}],"version-history":[{"count":82,"href":"https:\/\/tryggtillsynisverige.se\/en\/wp-json\/wp\/v2\/pages\/1040\/revisions"}],"predecessor-version":[{"id":3937,"href":"https:\/\/tryggtillsynisverige.se\/en\/wp-json\/wp\/v2\/pages\/1040\/revisions\/3937"}],"wp:attachment":[{"href":"https:\/\/tryggtillsynisverige.se\/en\/wp-json\/wp\/v2\/media?parent=1040"}],"curies":[{"name":"wp","href":"https:\/\/api.w.org\/{rel}","templated":true}]}}